{"id":17684,"date":"2025-10-31T09:02:51","date_gmt":"2025-10-31T09:02:51","guid":{"rendered":"https:\/\/tutfix.com\/ro\/?post_type=product&#038;p=17684"},"modified":"2025-10-31T11:14:16","modified_gmt":"2025-10-31T11:14:16","slug":"ofer-servicii-defrisare-terenurii-in-toata-romania","status":"publish","type":"product","link":"https:\/\/tutfix.ro\/ro\/produs\/ofer-servicii-defrisare-terenurii-in-toata-romania\/","title":{"rendered":"Ofer servicii defrisare terenurii in toata Romania."},"content":{"rendered":"<p>Firma noastr\u0103 este specializat\u0103 \u00een <strong>defri\u0219area \u0219i cur\u0103\u021barea terenurilor<\/strong> pentru construc\u021bii, agricultur\u0103 sau amenaj\u0103ri. Oferim servicii complete \u2013 de la <strong>\u00eendep\u0103rtarea vegeta\u021biei, t\u0103ierea arborilor \u0219i arbu\u0219tilor<\/strong>, p\u00e2n\u0103 la <strong>nivelarea terenului \u0219i evacuarea resturilor<\/strong>. Lucr\u0103m rapid, sigur \u0219i eficient, folosind utilaje moderne \u0219i personal calificat.<br \/>\nMisiunea noastr\u0103 este s\u0103 transform\u0103m orice teren \u00eentr-un spa\u021biu preg\u0103tit pentru dezvoltare, respect\u00e2nd \u00een acela\u0219i timp mediul \u0219i normele de siguran\u021b\u0103.<\/p>","protected":false},"excerpt":{"rendered":"<p>Firma noastr\u0103 este specializat\u0103 \u00een defri\u0219area \u0219i cur\u0103\u021barea terenurilor pentru construc\u021bii, agricultur\u0103 sau amenaj\u0103ri. Oferim servicii complete \u2013 de la \u00eendep\u0103rtarea vegeta\u021biei, t\u0103ierea arborilor \u0219i arbu\u0219tilor, p\u00e2n\u0103 la nivelarea terenului \u0219i evacuarea resturilor. Lucr\u0103m rapid, sigur \u0219i eficient, folosind utilaje moderne \u0219i personal calificat. Misiunea noastr\u0103 este s\u0103 transform\u0103m orice teren&#8230;<\/p>","protected":false},"author":151,"featured_media":17686,"comment_status":"open","ping_status":"closed","template":"","meta":{"_acf_changed":false},"product_brand":[],"product_cat":[722,775],"product_tag":[1128],"languages":[],"duration":[],"expertise_level":[],"skills":[],"delivery_time":[215,217,218],"class_list":{"0":"post-17684","1":"product","2":"type-product","3":"status-publish","4":"has-post-thumbnail","6":"product_cat-home-garden","7":"product_cat-land-clearing-brush-removal","8":"product_tag-g","9":"delivery_time-1-day","10":"delivery_time-2-days","11":"delivery_time-3-days","13":"first","14":"instock","15":"shipping-taxable","16":"purchasable","17":"product-type-tasks"},"acf":[],"_links":{"self":[{"href":"https:\/\/tutfix.ro\/ro\/wp-json\/wp\/v2\/product\/17684","targetHints":{"allow":["GET"]}}],"collection":[{"href":"https:\/\/tutfix.ro\/ro\/wp-json\/wp\/v2\/product"}],"about":[{"href":"https:\/\/tutfix.ro\/ro\/wp-json\/wp\/v2\/types\/product"}],"author":[{"embeddable":true,"href":"https:\/\/tutfix.ro\/ro\/wp-json\/wp\/v2\/users\/151"}],"replies":[{"embeddable":true,"href":"https:\/\/tutfix.ro\/ro\/wp-json\/wp\/v2\/comments?post=17684"}],"wp:featuredmedia":[{"embeddable":true,"href":"https:\/\/tutfix.ro\/ro\/wp-json\/wp\/v2\/media\/17686"}],"wp:attachment":[{"href":"https:\/\/tutfix.ro\/ro\/wp-json\/wp\/v2\/media?parent=17684"}],"wp:term":[{"taxonomy":"product_brand","embeddable":true,"href":"https:\/\/tutfix.ro\/ro\/wp-json\/wp\/v2\/product_brand?post=17684"},{"taxonomy":"product_cat","embeddable":true,"href":"https:\/\/tutfix.ro\/ro\/wp-json\/wp\/v2\/product_cat?post=17684"},{"taxonomy":"product_tag","embeddable":true,"href":"https:\/\/tutfix.ro\/ro\/wp-json\/wp\/v2\/product_tag?post=17684"},{"taxonomy":"languages","embeddable":true,"href":"https:\/\/tutfix.ro\/ro\/wp-json\/wp\/v2\/languages?post=17684"},{"taxonomy":"duration","embeddable":true,"href":"https:\/\/tutfix.ro\/ro\/wp-json\/wp\/v2\/duration?post=17684"},{"taxonomy":"expertise_level","embeddable":true,"href":"https:\/\/tutfix.ro\/ro\/wp-json\/wp\/v2\/expertise_level?post=17684"},{"taxonomy":"skills","embeddable":true,"href":"https:\/\/tutfix.ro\/ro\/wp-json\/wp\/v2\/skills?post=17684"},{"taxonomy":"delivery_time","embeddable":true,"href":"https:\/\/tutfix.ro\/ro\/wp-json\/wp\/v2\/delivery_time?post=17684"}],"curies":[{"name":"wp","href":"https:\/\/api.w.org\/{rel}","templated":true}]}}