{"id":17661,"date":"2025-10-29T05:35:40","date_gmt":"2025-10-29T05:35:40","guid":{"rendered":"https:\/\/tutfix.com\/en_us\/?post_type=product&#038;p=17661"},"modified":"2025-10-29T05:35:40","modified_gmt":"2025-10-29T05:35:40","slug":"ofer-servicii-complete-de-administrare-conturi-facebook-instagram-pentru-afaceri","status":"publish","type":"product","link":"https:\/\/tutfix.ro\/ro\/produs\/ofer-servicii-complete-de-administrare-conturi-facebook-instagram-pentru-afaceri\/","title":{"rendered":"Ofer servicii complete de administrare conturi Facebook &amp; Instagram pentru afaceri"},"content":{"rendered":"<p>M\u0103 ocup de tot ce \u00eenseamn\u0103 gestionarea paginilor tale de social media:<br \/>plan post\u0103ri, texte, imagini, hashtag-uri, mesaje, campanii pl\u0103tite \u0219i analiz\u0103 rezultate.<br \/>\u00ce\u021bi men\u021bin o imagine constant\u0103 \u0219i coerent\u0103, potrivit\u0103 brandului t\u0103u, astfel \u00eenc\u00e2t publicul s\u0103 te recunoasc\u0103 \u0219i s\u0103 revin\u0103.<\/p>","protected":false},"excerpt":{"rendered":"<p>M\u0103 ocup de tot ce \u00eenseamn\u0103 gestionarea paginilor tale de social media:plan post\u0103ri, texte, imagini, hashtag-uri, mesaje, campanii pl\u0103tite \u0219i analiz\u0103 rezultate.\u00ce\u021bi men\u021bin o imagine constant\u0103 \u0219i coerent\u0103, potrivit\u0103 brandului t\u0103u, astfel \u00eenc\u00e2t publicul s\u0103 te recunoasc\u0103 \u0219i s\u0103 revin\u0103.<\/p>","protected":false},"author":150,"featured_media":17662,"comment_status":"open","ping_status":"closed","template":"","meta":{"_acf_changed":false},"product_brand":[],"product_cat":[845,826],"product_tag":[1111],"languages":[],"duration":[],"expertise_level":[],"skills":[],"delivery_time":[217,218,222],"class_list":{"0":"post-17661","1":"product","2":"type-product","3":"status-publish","4":"has-post-thumbnail","6":"product_cat-digital-marketing-social-media","7":"product_cat-it-digital","8":"product_tag-digital-marketing-amp-social-media","9":"delivery_time-2-days","10":"delivery_time-3-days","11":"delivery_time-7-days","13":"first","14":"instock","15":"shipping-taxable","16":"purchasable","17":"product-type-tasks"},"acf":[],"_links":{"self":[{"href":"https:\/\/tutfix.ro\/ro\/wp-json\/wp\/v2\/product\/17661","targetHints":{"allow":["GET"]}}],"collection":[{"href":"https:\/\/tutfix.ro\/ro\/wp-json\/wp\/v2\/product"}],"about":[{"href":"https:\/\/tutfix.ro\/ro\/wp-json\/wp\/v2\/types\/product"}],"author":[{"embeddable":true,"href":"https:\/\/tutfix.ro\/ro\/wp-json\/wp\/v2\/users\/150"}],"replies":[{"embeddable":true,"href":"https:\/\/tutfix.ro\/ro\/wp-json\/wp\/v2\/comments?post=17661"}],"wp:featuredmedia":[{"embeddable":true,"href":"https:\/\/tutfix.ro\/ro\/wp-json\/wp\/v2\/media\/17662"}],"wp:attachment":[{"href":"https:\/\/tutfix.ro\/ro\/wp-json\/wp\/v2\/media?parent=17661"}],"wp:term":[{"taxonomy":"product_brand","embeddable":true,"href":"https:\/\/tutfix.ro\/ro\/wp-json\/wp\/v2\/product_brand?post=17661"},{"taxonomy":"product_cat","embeddable":true,"href":"https:\/\/tutfix.ro\/ro\/wp-json\/wp\/v2\/product_cat?post=17661"},{"taxonomy":"product_tag","embeddable":true,"href":"https:\/\/tutfix.ro\/ro\/wp-json\/wp\/v2\/product_tag?post=17661"},{"taxonomy":"languages","embeddable":true,"href":"https:\/\/tutfix.ro\/ro\/wp-json\/wp\/v2\/languages?post=17661"},{"taxonomy":"duration","embeddable":true,"href":"https:\/\/tutfix.ro\/ro\/wp-json\/wp\/v2\/duration?post=17661"},{"taxonomy":"expertise_level","embeddable":true,"href":"https:\/\/tutfix.ro\/ro\/wp-json\/wp\/v2\/expertise_level?post=17661"},{"taxonomy":"skills","embeddable":true,"href":"https:\/\/tutfix.ro\/ro\/wp-json\/wp\/v2\/skills?post=17661"},{"taxonomy":"delivery_time","embeddable":true,"href":"https:\/\/tutfix.ro\/ro\/wp-json\/wp\/v2\/delivery_time?post=17661"}],"curies":[{"name":"wp","href":"https:\/\/api.w.org\/{rel}","templated":true}]}}