{"id":17645,"date":"2025-10-29T05:19:19","date_gmt":"2025-10-29T05:19:19","guid":{"rendered":"https:\/\/tutfix.com\/en_us\/?post_type=product&#038;p=17645"},"modified":"2025-10-29T05:19:19","modified_gmt":"2025-10-29T05:19:19","slug":"creez-clipuri-ugc-autentice-pentru-tiktok-si-instagram-naturale-cu-impact","status":"publish","type":"product","link":"https:\/\/tutfix.ro\/ro\/produs\/creez-clipuri-ugc-autentice-pentru-tiktok-si-instagram-naturale-cu-impact\/","title":{"rendered":"Creez clipuri UGC autentice pentru TikTok \u0219i Instagram \u2013 naturale, cu impact"},"content":{"rendered":"<p>Realizez videoclipuri verticale \u00een stil UGC (User Generated Content), perfecte pentru promovare pe TikTok, Reels sau Shorts.<br \/>Filmez acas\u0103, \u00een lumin\u0103 natural\u0103, cu echipament profesional (iPhone 15 Pro + microfon Rode + ring light).<br \/>Pot face clipuri de tip testimonial, unboxing, tutorial sau prezentare scurt\u0103 de produs.<br \/>\n<strong>Procesul e simplu:<\/strong><br \/>1\ufe0f\u20e3 \u00cemi trimi\u021bi produsul sau ideea<br \/>2\ufe0f\u20e3 Discut\u0103m tonul \u0219i stilul (fun, natural, informativ etc.)<br \/>3\ufe0f\u20e3 Filmez, editez \u0219i \u00ee\u021bi trimit materialul final \u00een format 9:16, optimizat pentru social media<\/p>","protected":false},"excerpt":{"rendered":"<p>Realizez videoclipuri verticale \u00een stil UGC (User Generated Content), perfecte pentru promovare pe TikTok, Reels sau Shorts.Filmez acas\u0103, \u00een lumin\u0103 natural\u0103, cu echipament profesional (iPhone 15 Pro + microfon Rode + ring light).Pot face clipuri de tip testimonial, unboxing, tutorial sau prezentare scurt\u0103 de produs. Procesul e simplu:1\ufe0f\u20e3 \u00cemi trimi\u021bi produsul&#8230;<\/p>","protected":false},"author":149,"featured_media":17646,"comment_status":"open","ping_status":"closed","template":"","meta":{"_acf_changed":false},"product_brand":[],"product_cat":[845,826],"product_tag":[1125,1126],"languages":[],"duration":[],"expertise_level":[],"skills":[],"delivery_time":[217,218,220],"class_list":{"0":"post-17645","1":"product","2":"type-product","3":"status-publish","4":"has-post-thumbnail","6":"product_cat-digital-marketing-social-media","7":"product_cat-it-digital","8":"product_tag-content-writing-amp-copywriting","9":"product_tag-digital-marketing-ampamp-social-media","10":"delivery_time-2-days","11":"delivery_time-3-days","12":"delivery_time-5-days","14":"first","15":"instock","16":"shipping-taxable","17":"purchasable","18":"product-type-tasks"},"acf":[],"_links":{"self":[{"href":"https:\/\/tutfix.ro\/ro\/wp-json\/wp\/v2\/product\/17645","targetHints":{"allow":["GET"]}}],"collection":[{"href":"https:\/\/tutfix.ro\/ro\/wp-json\/wp\/v2\/product"}],"about":[{"href":"https:\/\/tutfix.ro\/ro\/wp-json\/wp\/v2\/types\/product"}],"author":[{"embeddable":true,"href":"https:\/\/tutfix.ro\/ro\/wp-json\/wp\/v2\/users\/149"}],"replies":[{"embeddable":true,"href":"https:\/\/tutfix.ro\/ro\/wp-json\/wp\/v2\/comments?post=17645"}],"wp:featuredmedia":[{"embeddable":true,"href":"https:\/\/tutfix.ro\/ro\/wp-json\/wp\/v2\/media\/17646"}],"wp:attachment":[{"href":"https:\/\/tutfix.ro\/ro\/wp-json\/wp\/v2\/media?parent=17645"}],"wp:term":[{"taxonomy":"product_brand","embeddable":true,"href":"https:\/\/tutfix.ro\/ro\/wp-json\/wp\/v2\/product_brand?post=17645"},{"taxonomy":"product_cat","embeddable":true,"href":"https:\/\/tutfix.ro\/ro\/wp-json\/wp\/v2\/product_cat?post=17645"},{"taxonomy":"product_tag","embeddable":true,"href":"https:\/\/tutfix.ro\/ro\/wp-json\/wp\/v2\/product_tag?post=17645"},{"taxonomy":"languages","embeddable":true,"href":"https:\/\/tutfix.ro\/ro\/wp-json\/wp\/v2\/languages?post=17645"},{"taxonomy":"duration","embeddable":true,"href":"https:\/\/tutfix.ro\/ro\/wp-json\/wp\/v2\/duration?post=17645"},{"taxonomy":"expertise_level","embeddable":true,"href":"https:\/\/tutfix.ro\/ro\/wp-json\/wp\/v2\/expertise_level?post=17645"},{"taxonomy":"skills","embeddable":true,"href":"https:\/\/tutfix.ro\/ro\/wp-json\/wp\/v2\/skills?post=17645"},{"taxonomy":"delivery_time","embeddable":true,"href":"https:\/\/tutfix.ro\/ro\/wp-json\/wp\/v2\/delivery_time?post=17645"}],"curies":[{"name":"wp","href":"https:\/\/api.w.org\/{rel}","templated":true}]}}