{"id":17634,"date":"2025-10-29T05:04:30","date_gmt":"2025-10-29T05:04:30","guid":{"rendered":"https:\/\/tutfix.com\/en_us\/?post_type=product&#038;p=17634"},"modified":"2025-10-29T05:04:30","modified_gmt":"2025-10-29T05:04:30","slug":"efectuez-spalare-exterior-auto-si-aplicare-ceara-de-protectie-la-domiciliu-in-pitesti","status":"publish","type":"product","link":"https:\/\/tutfix.ro\/ro\/produs\/efectuez-spalare-exterior-auto-si-aplicare-ceara-de-protectie-la-domiciliu-in-pitesti\/","title":{"rendered":"Efectuez sp\u0103lare exterior auto \u0219i aplicare cear\u0103 de protec\u021bie la domiciliu \u00een Pite\u0219ti"},"content":{"rendered":"<p>Ofer servicii de sp\u0103lare manual\u0103 cu \u0219ampon profesional \u0219i aplicare cear\u0103 lichid\u0103 pentru protejarea vopselei.<br \/>Folosesc lavete din microfibr\u0103 \u0219i produse dedicate pentru jante, cauciucuri \u0219i ornamente.<br \/>Las ma\u0219ina curat\u0103, lucioas\u0103 \u0219i f\u0103r\u0103 urme de ap\u0103.<br \/>Ideal pentru cine vrea o ma\u0219in\u0103 impecabil\u0103, dar nu are timp de sp\u0103l\u0103torii.<\/p>","protected":false},"excerpt":{"rendered":"<p>Ofer servicii de sp\u0103lare manual\u0103 cu \u0219ampon profesional \u0219i aplicare cear\u0103 lichid\u0103 pentru protejarea vopselei.Folosesc lavete din microfibr\u0103 \u0219i produse dedicate pentru jante, cauciucuri \u0219i ornamente.Las ma\u0219ina curat\u0103, lucioas\u0103 \u0219i f\u0103r\u0103 urme de ap\u0103.Ideal pentru cine vrea o ma\u0219in\u0103 impecabil\u0103, dar nu are timp de sp\u0103l\u0103torii.<\/p>","protected":false},"author":148,"featured_media":17635,"comment_status":"open","ping_status":"closed","template":"","meta":{"_acf_changed":false},"product_brand":[],"product_cat":[785,801],"product_tag":[1124],"languages":[],"duration":[],"expertise_level":[],"skills":[],"delivery_time":[215],"class_list":{"0":"post-17634","1":"product","2":"type-product","3":"status-publish","4":"has-post-thumbnail","6":"product_cat-auto-transport","7":"product_cat-car-wash-detailing","8":"product_tag-car-wash-ampamp-detailing","9":"delivery_time-1-day","11":"first","12":"instock","13":"shipping-taxable","14":"purchasable","15":"product-type-tasks"},"acf":[],"_links":{"self":[{"href":"https:\/\/tutfix.ro\/ro\/wp-json\/wp\/v2\/product\/17634","targetHints":{"allow":["GET"]}}],"collection":[{"href":"https:\/\/tutfix.ro\/ro\/wp-json\/wp\/v2\/product"}],"about":[{"href":"https:\/\/tutfix.ro\/ro\/wp-json\/wp\/v2\/types\/product"}],"author":[{"embeddable":true,"href":"https:\/\/tutfix.ro\/ro\/wp-json\/wp\/v2\/users\/148"}],"replies":[{"embeddable":true,"href":"https:\/\/tutfix.ro\/ro\/wp-json\/wp\/v2\/comments?post=17634"}],"wp:featuredmedia":[{"embeddable":true,"href":"https:\/\/tutfix.ro\/ro\/wp-json\/wp\/v2\/media\/17635"}],"wp:attachment":[{"href":"https:\/\/tutfix.ro\/ro\/wp-json\/wp\/v2\/media?parent=17634"}],"wp:term":[{"taxonomy":"product_brand","embeddable":true,"href":"https:\/\/tutfix.ro\/ro\/wp-json\/wp\/v2\/product_brand?post=17634"},{"taxonomy":"product_cat","embeddable":true,"href":"https:\/\/tutfix.ro\/ro\/wp-json\/wp\/v2\/product_cat?post=17634"},{"taxonomy":"product_tag","embeddable":true,"href":"https:\/\/tutfix.ro\/ro\/wp-json\/wp\/v2\/product_tag?post=17634"},{"taxonomy":"languages","embeddable":true,"href":"https:\/\/tutfix.ro\/ro\/wp-json\/wp\/v2\/languages?post=17634"},{"taxonomy":"duration","embeddable":true,"href":"https:\/\/tutfix.ro\/ro\/wp-json\/wp\/v2\/duration?post=17634"},{"taxonomy":"expertise_level","embeddable":true,"href":"https:\/\/tutfix.ro\/ro\/wp-json\/wp\/v2\/expertise_level?post=17634"},{"taxonomy":"skills","embeddable":true,"href":"https:\/\/tutfix.ro\/ro\/wp-json\/wp\/v2\/skills?post=17634"},{"taxonomy":"delivery_time","embeddable":true,"href":"https:\/\/tutfix.ro\/ro\/wp-json\/wp\/v2\/delivery_time?post=17634"}],"curies":[{"name":"wp","href":"https:\/\/api.w.org\/{rel}","templated":true}]}}