{"id":17603,"date":"2025-10-29T04:00:05","date_gmt":"2025-10-29T04:00:05","guid":{"rendered":"https:\/\/tutfix.com\/en_us\/?post_type=product&#038;p=17603"},"modified":"2025-10-29T04:00:05","modified_gmt":"2025-10-29T04:00:05","slug":"efectuez-reparatii-rapide-pentru-frigidere-si-combine-frigorifice-in-sibiu","status":"publish","type":"product","link":"https:\/\/tutfix.ro\/ro\/produs\/efectuez-reparatii-rapide-pentru-frigidere-si-combine-frigorifice-in-sibiu\/","title":{"rendered":"Efectuez repara\u021bii rapide pentru frigidere \u0219i combine frigorifice \u00een Sibiu"},"content":{"rendered":"<p>Dac\u0103 frigiderul nu mai r\u0103ce\u0219te sau face zgomote ciudate, vin la tine pentru diagnostic \u0219i repara\u021bie.<br \/>Schimb termostate, senzori, ventilatoare, ulei compresor sau garnituri, \u00een func\u021bie de model.<br \/>Lucrez cu piese de calitate \u0219i ofer garan\u021bie pentru interven\u021bie.<\/p>","protected":false},"excerpt":{"rendered":"<p>Dac\u0103 frigiderul nu mai r\u0103ce\u0219te sau face zgomote ciudate, vin la tine pentru diagnostic \u0219i repara\u021bie.Schimb termostate, senzori, ventilatoare, ulei compresor sau garnituri, \u00een func\u021bie de model.Lucrez cu piese de calitate \u0219i ofer garan\u021bie pentru interven\u021bie.<\/p>","protected":false},"author":146,"featured_media":17604,"comment_status":"open","ping_status":"closed","template":"","meta":{"_acf_changed":false},"product_brand":[],"product_cat":[729,722],"product_tag":[1121],"languages":[],"duration":[],"expertise_level":[],"skills":[],"delivery_time":[215,217],"class_list":{"0":"post-17603","1":"product","2":"type-product","3":"status-publish","4":"has-post-thumbnail","6":"product_cat-boiler-heating-repairs","7":"product_cat-home-garden","8":"product_tag-boiler-amp-heating-repairs","9":"delivery_time-1-day","10":"delivery_time-2-days","12":"first","13":"instock","14":"shipping-taxable","15":"purchasable","16":"product-type-tasks"},"acf":[],"_links":{"self":[{"href":"https:\/\/tutfix.ro\/ro\/wp-json\/wp\/v2\/product\/17603","targetHints":{"allow":["GET"]}}],"collection":[{"href":"https:\/\/tutfix.ro\/ro\/wp-json\/wp\/v2\/product"}],"about":[{"href":"https:\/\/tutfix.ro\/ro\/wp-json\/wp\/v2\/types\/product"}],"author":[{"embeddable":true,"href":"https:\/\/tutfix.ro\/ro\/wp-json\/wp\/v2\/users\/146"}],"replies":[{"embeddable":true,"href":"https:\/\/tutfix.ro\/ro\/wp-json\/wp\/v2\/comments?post=17603"}],"wp:featuredmedia":[{"embeddable":true,"href":"https:\/\/tutfix.ro\/ro\/wp-json\/wp\/v2\/media\/17604"}],"wp:attachment":[{"href":"https:\/\/tutfix.ro\/ro\/wp-json\/wp\/v2\/media?parent=17603"}],"wp:term":[{"taxonomy":"product_brand","embeddable":true,"href":"https:\/\/tutfix.ro\/ro\/wp-json\/wp\/v2\/product_brand?post=17603"},{"taxonomy":"product_cat","embeddable":true,"href":"https:\/\/tutfix.ro\/ro\/wp-json\/wp\/v2\/product_cat?post=17603"},{"taxonomy":"product_tag","embeddable":true,"href":"https:\/\/tutfix.ro\/ro\/wp-json\/wp\/v2\/product_tag?post=17603"},{"taxonomy":"languages","embeddable":true,"href":"https:\/\/tutfix.ro\/ro\/wp-json\/wp\/v2\/languages?post=17603"},{"taxonomy":"duration","embeddable":true,"href":"https:\/\/tutfix.ro\/ro\/wp-json\/wp\/v2\/duration?post=17603"},{"taxonomy":"expertise_level","embeddable":true,"href":"https:\/\/tutfix.ro\/ro\/wp-json\/wp\/v2\/expertise_level?post=17603"},{"taxonomy":"skills","embeddable":true,"href":"https:\/\/tutfix.ro\/ro\/wp-json\/wp\/v2\/skills?post=17603"},{"taxonomy":"delivery_time","embeddable":true,"href":"https:\/\/tutfix.ro\/ro\/wp-json\/wp\/v2\/delivery_time?post=17603"}],"curies":[{"name":"wp","href":"https:\/\/api.w.org\/{rel}","templated":true}]}}