{"id":17588,"date":"2025-10-29T03:28:47","date_gmt":"2025-10-29T03:28:47","guid":{"rendered":"https:\/\/tutfix.com\/en_us\/?post_type=product&#038;p=17588"},"modified":"2025-10-29T03:28:47","modified_gmt":"2025-10-29T03:28:47","slug":"efectuez-tunsori-pentru-copii-si-seniori-la-domiciliu-in-oradea-si-zonele-apropiate","status":"publish","type":"product","link":"https:\/\/tutfix.ro\/ro\/produs\/efectuez-tunsori-pentru-copii-si-seniori-la-domiciliu-in-oradea-si-zonele-apropiate\/","title":{"rendered":"Efectuez tunsori pentru copii \u0219i seniori, la domiciliu, \u00een Oradea \u0219i zonele apropiate"},"content":{"rendered":"<p>Ofer servicii dedicate copiilor \u0219i persoanelor \u00een v\u00e2rst\u0103, direct acas\u0103.<br \/>Tunsori simple, curate, f\u0103r\u0103 grab\u0103 \u0219i cu mult\u0103 r\u0103bdare.<br \/>Pentru copii folosesc instrumente silen\u021bioase, iar pentru seniori \u2013 scaun portabil \u0219i protec\u021bii pentru haine, astfel \u00eenc\u00e2t experien\u021ba s\u0103 fie confortabil\u0103.<br \/>Vin la ora stabilit\u0103, igienic \u0219i discret.<\/p>","protected":false},"excerpt":{"rendered":"<p>Ofer servicii dedicate copiilor \u0219i persoanelor \u00een v\u00e2rst\u0103, direct acas\u0103.Tunsori simple, curate, f\u0103r\u0103 grab\u0103 \u0219i cu mult\u0103 r\u0103bdare.Pentru copii folosesc instrumente silen\u021bioase, iar pentru seniori \u2013 scaun portabil \u0219i protec\u021bii pentru haine, astfel \u00eenc\u00e2t experien\u021ba s\u0103 fie confortabil\u0103.Vin la ora stabilit\u0103, igienic \u0219i discret.<\/p>","protected":false},"author":145,"featured_media":17589,"comment_status":"open","ping_status":"closed","template":"","meta":{"_acf_changed":false},"product_brand":[],"product_cat":[914,913],"product_tag":[915],"languages":[],"duration":[],"expertise_level":[],"skills":[],"delivery_time":[215],"class_list":{"0":"post-17588","1":"product","2":"type-product","3":"status-publish","4":"has-post-thumbnail","6":"product_cat-hairdresser-barber","7":"product_cat-health-personal-care","8":"product_tag-hairdresser-barber","9":"delivery_time-1-day","11":"first","12":"instock","13":"shipping-taxable","14":"purchasable","15":"product-type-tasks"},"acf":[],"_links":{"self":[{"href":"https:\/\/tutfix.ro\/ro\/wp-json\/wp\/v2\/product\/17588","targetHints":{"allow":["GET"]}}],"collection":[{"href":"https:\/\/tutfix.ro\/ro\/wp-json\/wp\/v2\/product"}],"about":[{"href":"https:\/\/tutfix.ro\/ro\/wp-json\/wp\/v2\/types\/product"}],"author":[{"embeddable":true,"href":"https:\/\/tutfix.ro\/ro\/wp-json\/wp\/v2\/users\/145"}],"replies":[{"embeddable":true,"href":"https:\/\/tutfix.ro\/ro\/wp-json\/wp\/v2\/comments?post=17588"}],"wp:featuredmedia":[{"embeddable":true,"href":"https:\/\/tutfix.ro\/ro\/wp-json\/wp\/v2\/media\/17589"}],"wp:attachment":[{"href":"https:\/\/tutfix.ro\/ro\/wp-json\/wp\/v2\/media?parent=17588"}],"wp:term":[{"taxonomy":"product_brand","embeddable":true,"href":"https:\/\/tutfix.ro\/ro\/wp-json\/wp\/v2\/product_brand?post=17588"},{"taxonomy":"product_cat","embeddable":true,"href":"https:\/\/tutfix.ro\/ro\/wp-json\/wp\/v2\/product_cat?post=17588"},{"taxonomy":"product_tag","embeddable":true,"href":"https:\/\/tutfix.ro\/ro\/wp-json\/wp\/v2\/product_tag?post=17588"},{"taxonomy":"languages","embeddable":true,"href":"https:\/\/tutfix.ro\/ro\/wp-json\/wp\/v2\/languages?post=17588"},{"taxonomy":"duration","embeddable":true,"href":"https:\/\/tutfix.ro\/ro\/wp-json\/wp\/v2\/duration?post=17588"},{"taxonomy":"expertise_level","embeddable":true,"href":"https:\/\/tutfix.ro\/ro\/wp-json\/wp\/v2\/expertise_level?post=17588"},{"taxonomy":"skills","embeddable":true,"href":"https:\/\/tutfix.ro\/ro\/wp-json\/wp\/v2\/skills?post=17588"},{"taxonomy":"delivery_time","embeddable":true,"href":"https:\/\/tutfix.ro\/ro\/wp-json\/wp\/v2\/delivery_time?post=17588"}],"curies":[{"name":"wp","href":"https:\/\/api.w.org\/{rel}","templated":true}]}}