{"id":17535,"date":"2025-10-29T02:27:23","date_gmt":"2025-10-29T02:27:23","guid":{"rendered":"https:\/\/tutfix.com\/en_us\/?post_type=product&#038;p=17535"},"modified":"2025-10-29T02:27:23","modified_gmt":"2025-10-29T02:27:23","slug":"efectuez-transport-si-mutari-mobila-electrocasnice-si-pachete-mari-in-cluj","status":"publish","type":"product","link":"https:\/\/tutfix.ro\/ro\/produs\/efectuez-transport-si-mutari-mobila-electrocasnice-si-pachete-mari-in-cluj\/","title":{"rendered":"Efectuez transport \u0219i mut\u0103ri mobil\u0103, electrocasnice \u0219i pachete mari \u00een Cluj"},"content":{"rendered":"<p>Ofer servicii de transport local \u0219i mut\u0103ri rapide pentru persoane fizice sau firme.<br \/>Indiferent dac\u0103 e vorba de o canapea, frigider sau tot apartamentul, asigur manipulare atent\u0103 \u0219i transport sigur.<br \/>Dub\u0103 curat\u0103, echipat\u0103 cu curele de prindere \u0219i p\u0103turi pentru protec\u021bie.<\/p>","protected":false},"excerpt":{"rendered":"<p>Ofer servicii de transport local \u0219i mut\u0103ri rapide pentru persoane fizice sau firme.Indiferent dac\u0103 e vorba de o canapea, frigider sau tot apartamentul, asigur manipulare atent\u0103 \u0219i transport sigur.Dub\u0103 curat\u0103, echipat\u0103 cu curele de prindere \u0219i p\u0103turi pentru protec\u021bie.<\/p>","protected":false},"author":142,"featured_media":17536,"comment_status":"open","ping_status":"closed","template":"","meta":{"_acf_changed":false},"product_brand":[],"product_cat":[785,816],"product_tag":[1117],"languages":[],"duration":[],"expertise_level":[],"skills":[],"delivery_time":[215],"class_list":{"0":"post-17535","1":"product","2":"type-product","3":"status-publish","4":"has-post-thumbnail","6":"product_cat-auto-transport","7":"product_cat-large-items-furniture-transport","8":"product_tag-large-items-amp-furniture-transport","9":"delivery_time-1-day","11":"first","12":"instock","13":"shipping-taxable","14":"purchasable","15":"product-type-tasks"},"acf":[],"_links":{"self":[{"href":"https:\/\/tutfix.ro\/ro\/wp-json\/wp\/v2\/product\/17535","targetHints":{"allow":["GET"]}}],"collection":[{"href":"https:\/\/tutfix.ro\/ro\/wp-json\/wp\/v2\/product"}],"about":[{"href":"https:\/\/tutfix.ro\/ro\/wp-json\/wp\/v2\/types\/product"}],"author":[{"embeddable":true,"href":"https:\/\/tutfix.ro\/ro\/wp-json\/wp\/v2\/users\/142"}],"replies":[{"embeddable":true,"href":"https:\/\/tutfix.ro\/ro\/wp-json\/wp\/v2\/comments?post=17535"}],"wp:featuredmedia":[{"embeddable":true,"href":"https:\/\/tutfix.ro\/ro\/wp-json\/wp\/v2\/media\/17536"}],"wp:attachment":[{"href":"https:\/\/tutfix.ro\/ro\/wp-json\/wp\/v2\/media?parent=17535"}],"wp:term":[{"taxonomy":"product_brand","embeddable":true,"href":"https:\/\/tutfix.ro\/ro\/wp-json\/wp\/v2\/product_brand?post=17535"},{"taxonomy":"product_cat","embeddable":true,"href":"https:\/\/tutfix.ro\/ro\/wp-json\/wp\/v2\/product_cat?post=17535"},{"taxonomy":"product_tag","embeddable":true,"href":"https:\/\/tutfix.ro\/ro\/wp-json\/wp\/v2\/product_tag?post=17535"},{"taxonomy":"languages","embeddable":true,"href":"https:\/\/tutfix.ro\/ro\/wp-json\/wp\/v2\/languages?post=17535"},{"taxonomy":"duration","embeddable":true,"href":"https:\/\/tutfix.ro\/ro\/wp-json\/wp\/v2\/duration?post=17535"},{"taxonomy":"expertise_level","embeddable":true,"href":"https:\/\/tutfix.ro\/ro\/wp-json\/wp\/v2\/expertise_level?post=17535"},{"taxonomy":"skills","embeddable":true,"href":"https:\/\/tutfix.ro\/ro\/wp-json\/wp\/v2\/skills?post=17535"},{"taxonomy":"delivery_time","embeddable":true,"href":"https:\/\/tutfix.ro\/ro\/wp-json\/wp\/v2\/delivery_time?post=17535"}],"curies":[{"name":"wp","href":"https:\/\/api.w.org\/{rel}","templated":true}]}}