{"id":17504,"date":"2025-10-29T01:49:06","date_gmt":"2025-10-29T01:49:06","guid":{"rendered":"https:\/\/tutfix.com\/en_us\/?post_type=product&#038;p=17504"},"modified":"2025-10-29T01:49:06","modified_gmt":"2025-10-29T01:49:06","slug":"ofer-servicii-de-electrician-auto-si-diagnoza-completa-in-brasov","status":"publish","type":"product","link":"https:\/\/tutfix.ro\/ro\/produs\/ofer-servicii-de-electrician-auto-si-diagnoza-completa-in-brasov\/","title":{"rendered":"Ofer servicii de electrician auto \u0219i diagnoz\u0103 complet\u0103 \u00een Bra\u0219ov"},"content":{"rendered":"<p>Repar \u0219i verific instala\u021biile electrice ale ma\u0219inii tale, indiferent de marc\u0103 sau model. Am echipamente moderne de diagnoz\u0103 \u0219i pot identifica rapid problemele la senzori, alternator, baterie sau faruri.<br \/>Lucrez curat \u0219i ofer explica\u021bii clare, f\u0103r\u0103 taxe ascunse. Pot interveni \u0219i la domiciliu pentru defec\u021biuni minore.<\/p>","protected":false},"excerpt":{"rendered":"<p>Repar \u0219i verific instala\u021biile electrice ale ma\u0219inii tale, indiferent de marc\u0103 sau model. Am echipamente moderne de diagnoz\u0103 \u0219i pot identifica rapid problemele la senzori, alternator, baterie sau faruri.Lucrez curat \u0219i ofer explica\u021bii clare, f\u0103r\u0103 taxe ascunse. Pot interveni \u0219i la domiciliu pentru defec\u021biuni minore.<\/p>","protected":false},"author":140,"featured_media":17505,"comment_status":"open","ping_status":"closed","template":"","meta":{"_acf_changed":false},"product_brand":[],"product_cat":[785,791],"product_tag":[790],"languages":[],"duration":[],"expertise_level":[],"skills":[],"delivery_time":[215,217,218],"class_list":{"0":"post-17504","1":"product","2":"type-product","3":"status-publish","4":"has-post-thumbnail","6":"product_cat-auto-transport","7":"product_cat-auto-electrician","8":"product_tag-auto-electrician","9":"delivery_time-1-day","10":"delivery_time-2-days","11":"delivery_time-3-days","13":"first","14":"instock","15":"shipping-taxable","16":"purchasable","17":"product-type-tasks"},"acf":[],"_links":{"self":[{"href":"https:\/\/tutfix.ro\/ro\/wp-json\/wp\/v2\/product\/17504","targetHints":{"allow":["GET"]}}],"collection":[{"href":"https:\/\/tutfix.ro\/ro\/wp-json\/wp\/v2\/product"}],"about":[{"href":"https:\/\/tutfix.ro\/ro\/wp-json\/wp\/v2\/types\/product"}],"author":[{"embeddable":true,"href":"https:\/\/tutfix.ro\/ro\/wp-json\/wp\/v2\/users\/140"}],"replies":[{"embeddable":true,"href":"https:\/\/tutfix.ro\/ro\/wp-json\/wp\/v2\/comments?post=17504"}],"wp:featuredmedia":[{"embeddable":true,"href":"https:\/\/tutfix.ro\/ro\/wp-json\/wp\/v2\/media\/17505"}],"wp:attachment":[{"href":"https:\/\/tutfix.ro\/ro\/wp-json\/wp\/v2\/media?parent=17504"}],"wp:term":[{"taxonomy":"product_brand","embeddable":true,"href":"https:\/\/tutfix.ro\/ro\/wp-json\/wp\/v2\/product_brand?post=17504"},{"taxonomy":"product_cat","embeddable":true,"href":"https:\/\/tutfix.ro\/ro\/wp-json\/wp\/v2\/product_cat?post=17504"},{"taxonomy":"product_tag","embeddable":true,"href":"https:\/\/tutfix.ro\/ro\/wp-json\/wp\/v2\/product_tag?post=17504"},{"taxonomy":"languages","embeddable":true,"href":"https:\/\/tutfix.ro\/ro\/wp-json\/wp\/v2\/languages?post=17504"},{"taxonomy":"duration","embeddable":true,"href":"https:\/\/tutfix.ro\/ro\/wp-json\/wp\/v2\/duration?post=17504"},{"taxonomy":"expertise_level","embeddable":true,"href":"https:\/\/tutfix.ro\/ro\/wp-json\/wp\/v2\/expertise_level?post=17504"},{"taxonomy":"skills","embeddable":true,"href":"https:\/\/tutfix.ro\/ro\/wp-json\/wp\/v2\/skills?post=17504"},{"taxonomy":"delivery_time","embeddable":true,"href":"https:\/\/tutfix.ro\/ro\/wp-json\/wp\/v2\/delivery_time?post=17504"}],"curies":[{"name":"wp","href":"https:\/\/api.w.org\/{rel}","templated":true}]}}