{"id":17489,"date":"2025-10-28T14:19:58","date_gmt":"2025-10-28T14:19:58","guid":{"rendered":"https:\/\/tutfix.com\/en_us\/?post_type=product&#038;p=17489"},"modified":"2025-10-28T14:19:58","modified_gmt":"2025-10-28T14:19:58","slug":"prestez-servicii-rapide-de-instalatii-sanitare-interventie-in-aceeasi-zi","status":"publish","type":"product","link":"https:\/\/tutfix.ro\/ro\/produs\/prestez-servicii-rapide-de-instalatii-sanitare-interventie-in-aceeasi-zi\/","title":{"rendered":"Prestez servicii rapide de instala\u021bii sanitare \u2014 interven\u021bie \u00een aceea\u0219i zi"},"content":{"rendered":"<p>Vin la tine, diagnostic rapid \u0219i repar imediat ce se poate repara pe loc. M\u0103 ocup de scurgeri, \u00eenlocuire robine\u021bi, montaj chiuvet\u0103 sau vas WC, racord\u0103ri la ma\u0219ina de sp\u0103lat \u0219i alte lucr\u0103ri de \u00eentre\u021binere. Lucrez curat, cu unelte profesionale, \u0219i-\u021bi ar\u0103t ce-am f\u0103cut ca s\u0103 \u0219tii exact ce prime\u0219ti. Pentru lucr\u0103ri mai mari discut\u0103m \u00eenainte materialele \u0219i timpul necesar.<\/p>","protected":false},"excerpt":{"rendered":"<p>Vin la tine, diagnostic rapid \u0219i repar imediat ce se poate repara pe loc. M\u0103 ocup de scurgeri, \u00eenlocuire robine\u021bi, montaj chiuvet\u0103 sau vas WC, racord\u0103ri la ma\u0219ina de sp\u0103lat \u0219i alte lucr\u0103ri de \u00eentre\u021binere. Lucrez curat, cu unelte profesionale, \u0219i-\u021bi ar\u0103t ce-am f\u0103cut ca s\u0103 \u0219tii exact ce prime\u0219ti. Pentru&#8230;<\/p>","protected":false},"author":139,"featured_media":17490,"comment_status":"open","ping_status":"closed","template":"","meta":{"_acf_changed":false},"product_brand":[],"product_cat":[734,722],"product_tag":[1116],"languages":[],"duration":[],"expertise_level":[],"skills":[],"delivery_time":[215,217,218],"class_list":{"0":"post-17489","1":"product","2":"type-product","3":"status-publish","4":"has-post-thumbnail","6":"product_cat-air-conditioning-installation-maintenance","7":"product_cat-home-garden","8":"product_tag-air-conditioning-installation-amp-maintenance","9":"delivery_time-1-day","10":"delivery_time-2-days","11":"delivery_time-3-days","13":"first","14":"instock","15":"shipping-taxable","16":"purchasable","17":"product-type-tasks"},"acf":[],"_links":{"self":[{"href":"https:\/\/tutfix.ro\/ro\/wp-json\/wp\/v2\/product\/17489","targetHints":{"allow":["GET"]}}],"collection":[{"href":"https:\/\/tutfix.ro\/ro\/wp-json\/wp\/v2\/product"}],"about":[{"href":"https:\/\/tutfix.ro\/ro\/wp-json\/wp\/v2\/types\/product"}],"author":[{"embeddable":true,"href":"https:\/\/tutfix.ro\/ro\/wp-json\/wp\/v2\/users\/139"}],"replies":[{"embeddable":true,"href":"https:\/\/tutfix.ro\/ro\/wp-json\/wp\/v2\/comments?post=17489"}],"wp:featuredmedia":[{"embeddable":true,"href":"https:\/\/tutfix.ro\/ro\/wp-json\/wp\/v2\/media\/17490"}],"wp:attachment":[{"href":"https:\/\/tutfix.ro\/ro\/wp-json\/wp\/v2\/media?parent=17489"}],"wp:term":[{"taxonomy":"product_brand","embeddable":true,"href":"https:\/\/tutfix.ro\/ro\/wp-json\/wp\/v2\/product_brand?post=17489"},{"taxonomy":"product_cat","embeddable":true,"href":"https:\/\/tutfix.ro\/ro\/wp-json\/wp\/v2\/product_cat?post=17489"},{"taxonomy":"product_tag","embeddable":true,"href":"https:\/\/tutfix.ro\/ro\/wp-json\/wp\/v2\/product_tag?post=17489"},{"taxonomy":"languages","embeddable":true,"href":"https:\/\/tutfix.ro\/ro\/wp-json\/wp\/v2\/languages?post=17489"},{"taxonomy":"duration","embeddable":true,"href":"https:\/\/tutfix.ro\/ro\/wp-json\/wp\/v2\/duration?post=17489"},{"taxonomy":"expertise_level","embeddable":true,"href":"https:\/\/tutfix.ro\/ro\/wp-json\/wp\/v2\/expertise_level?post=17489"},{"taxonomy":"skills","embeddable":true,"href":"https:\/\/tutfix.ro\/ro\/wp-json\/wp\/v2\/skills?post=17489"},{"taxonomy":"delivery_time","embeddable":true,"href":"https:\/\/tutfix.ro\/ro\/wp-json\/wp\/v2\/delivery_time?post=17489"}],"curies":[{"name":"wp","href":"https:\/\/api.w.org\/{rel}","templated":true}]}}