{"id":17458,"date":"2025-10-28T12:37:09","date_gmt":"2025-10-28T12:37:09","guid":{"rendered":"https:\/\/tutfix.com\/en_us\/?post_type=product&#038;p=17458"},"modified":"2025-10-28T12:37:09","modified_gmt":"2025-10-28T12:37:09","slug":"curatenie-profesionala-la-domiciliu-si-birouri-in-cluj-napoca","status":"publish","type":"product","link":"https:\/\/tutfix.ro\/ro\/produs\/curatenie-profesionala-la-domiciliu-si-birouri-in-cluj-napoca\/","title":{"rendered":"Cur\u0103\u021benie profesional\u0103 la domiciliu \u0219i birouri \u00een Cluj-Napoca"},"content":{"rendered":"<p>Ofer servicii complete de cur\u0103\u021benie profesional\u0103 pentru apartamente, case \u0219i birouri din Cluj-Napoca.<br \/>Folosesc doar echipamente \u0219i detergen\u021bi profesionali, potrivi\u021bi pentru toate tipurile de suprafe\u021be.<br \/>\n<strong>Ce includ serviciile mele:<\/strong><br \/>\u2022 Aspirat \u0219i sp\u0103lat pardoseli<br \/>\u2022 Cur\u0103\u021benie buc\u0103t\u0103rii \u0219i b\u0103i<br \/>\u2022 \u0218tergere praf, geamuri \u0219i mobilier<br \/>\u2022 Cur\u0103\u021benie general\u0103 sau \u00eentre\u021binere periodic\u0103<br \/>\n<strong>De ce s\u0103 m\u0103 alegi:<\/strong><br \/>\u2714\ufe0f Rapiditate \u0219i seriozitate<br \/>\u2714\ufe0f Produse profesionale<br \/>\u2714\ufe0f Program flexibil<br \/>\u2714\ufe0f Garan\u021bia calit\u0103\u021bii<br \/>\n<strong>Pre\u021b orientativ:<\/strong><br \/>\u2013 Garsonier\u0103: 200\u2013250 lei<br \/>\u2013 2 camere: 300\u2013350 lei<br \/>\u2013 3 camere: 400\u2013450 lei<br \/>(pre\u021bul final poate varia \u00een func\u021bie de suprafa\u021b\u0103 \u0219i solicit\u0103ri speciale)<\/p>","protected":false},"excerpt":{"rendered":"<p>Ofer servicii complete de cur\u0103\u021benie profesional\u0103 pentru apartamente, case \u0219i birouri din Cluj-Napoca.Folosesc doar echipamente \u0219i detergen\u021bi profesionali, potrivi\u021bi pentru toate tipurile de suprafe\u021be. Ce includ serviciile mele:\u2022 Aspirat \u0219i sp\u0103lat pardoseli\u2022 Cur\u0103\u021benie buc\u0103t\u0103rii \u0219i b\u0103i\u2022 \u0218tergere praf, geamuri \u0219i mobilier\u2022 Cur\u0103\u021benie general\u0103 sau \u00eentre\u021binere periodic\u0103 De ce s\u0103 m\u0103 alegi:\u2714\ufe0f&#8230;<\/p>","protected":false},"author":137,"featured_media":17459,"comment_status":"open","ping_status":"closed","template":"","meta":{"_acf_changed":false},"product_brand":[],"product_cat":[1006,1037],"product_tag":[1113,758,1114,768],"languages":[],"duration":[],"expertise_level":[],"skills":[],"delivery_time":[215],"class_list":{"0":"post-17458","1":"product","2":"type-product","3":"status-publish","4":"has-post-thumbnail","6":"product_cat-business-professional-services","7":"product_cat-others-business-professional-services","8":"product_tag-carpet-sofa-amp-upholstery-cleaning","9":"product_tag-general-cleaning","10":"product_tag-land-clearing-amp-brush-removal","11":"product_tag-window-cleaning","12":"delivery_time-1-day","14":"first","15":"instock","16":"shipping-taxable","17":"purchasable","18":"product-type-tasks"},"acf":[],"_links":{"self":[{"href":"https:\/\/tutfix.ro\/ro\/wp-json\/wp\/v2\/product\/17458","targetHints":{"allow":["GET"]}}],"collection":[{"href":"https:\/\/tutfix.ro\/ro\/wp-json\/wp\/v2\/product"}],"about":[{"href":"https:\/\/tutfix.ro\/ro\/wp-json\/wp\/v2\/types\/product"}],"author":[{"embeddable":true,"href":"https:\/\/tutfix.ro\/ro\/wp-json\/wp\/v2\/users\/137"}],"replies":[{"embeddable":true,"href":"https:\/\/tutfix.ro\/ro\/wp-json\/wp\/v2\/comments?post=17458"}],"wp:featuredmedia":[{"embeddable":true,"href":"https:\/\/tutfix.ro\/ro\/wp-json\/wp\/v2\/media\/17459"}],"wp:attachment":[{"href":"https:\/\/tutfix.ro\/ro\/wp-json\/wp\/v2\/media?parent=17458"}],"wp:term":[{"taxonomy":"product_brand","embeddable":true,"href":"https:\/\/tutfix.ro\/ro\/wp-json\/wp\/v2\/product_brand?post=17458"},{"taxonomy":"product_cat","embeddable":true,"href":"https:\/\/tutfix.ro\/ro\/wp-json\/wp\/v2\/product_cat?post=17458"},{"taxonomy":"product_tag","embeddable":true,"href":"https:\/\/tutfix.ro\/ro\/wp-json\/wp\/v2\/product_tag?post=17458"},{"taxonomy":"languages","embeddable":true,"href":"https:\/\/tutfix.ro\/ro\/wp-json\/wp\/v2\/languages?post=17458"},{"taxonomy":"duration","embeddable":true,"href":"https:\/\/tutfix.ro\/ro\/wp-json\/wp\/v2\/duration?post=17458"},{"taxonomy":"expertise_level","embeddable":true,"href":"https:\/\/tutfix.ro\/ro\/wp-json\/wp\/v2\/expertise_level?post=17458"},{"taxonomy":"skills","embeddable":true,"href":"https:\/\/tutfix.ro\/ro\/wp-json\/wp\/v2\/skills?post=17458"},{"taxonomy":"delivery_time","embeddable":true,"href":"https:\/\/tutfix.ro\/ro\/wp-json\/wp\/v2\/delivery_time?post=17458"}],"curies":[{"name":"wp","href":"https:\/\/api.w.org\/{rel}","templated":true}]}}