{"id":17629,"date":"2025-10-29T05:01:59","date_gmt":"2025-10-29T05:01:59","guid":{"rendered":"https:\/\/tutfix.com\/en_us\/?post_type=product&#038;p=17629"},"modified":"2025-10-29T05:01:59","modified_gmt":"2025-10-29T05:01:59","slug":"prestez-servicii-complete-de-curatenie-interioara-auto-la-domiciliu-in-pitesti","status":"publish","type":"product","link":"https:\/\/tutfix.ro\/en_us\/product\/prestez-servicii-complete-de-curatenie-interioara-auto-la-domiciliu-in-pitesti\/","title":{"rendered":"Prestez servicii complete de cur\u0103\u021benie interioar\u0103 auto la domiciliu \u00een Pite\u0219ti"},"content":{"rendered":"<p>Vin la tine acas\u0103 cu toate echipamentele necesare pentru o cur\u0103\u021bare complet\u0103 a interiorului: aspirare, cur\u0103\u021bare tapi\u021berie, bord, mochete, plafon, portbagaj.<br \/>Folosesc solu\u021bii profesionale care elimin\u0103 mirosurile \u0219i bacteriile, f\u0103r\u0103 a decolora materialele.<br \/>Pot lucra \u0219i \u00een garaje sau parc\u0103ri subterane, dac\u0103 exist\u0103 priz\u0103 la 220V.<\/p>\n","protected":false},"excerpt":{"rendered":"<p>Vin la tine acas\u0103 cu toate echipamentele necesare pentru o cur\u0103\u021bare complet\u0103 a interiorului: aspirare, cur\u0103\u021bare tapi\u021berie, bord, mochete, plafon, portbagaj.Folosesc solu\u021bii profesionale care elimin\u0103 mirosurile \u0219i bacteriile, f\u0103r\u0103 a decolora materialele.Pot lucra \u0219i \u00een garaje sau parc\u0103ri subterane, dac\u0103 exist\u0103 priz\u0103 la 220V.<\/p>\n","protected":false},"author":148,"featured_media":17630,"comment_status":"open","ping_status":"closed","template":"","meta":{"_acf_changed":false},"product_brand":[],"product_cat":[785,801],"product_tag":[1123],"languages":[],"duration":[],"expertise_level":[],"skills":[],"delivery_time":[215,217],"class_list":{"0":"post-17629","1":"product","2":"type-product","3":"status-publish","4":"has-post-thumbnail","6":"product_cat-auto-transport","7":"product_cat-car-wash-detailing","8":"product_tag-car-wash-amp-detailing","9":"delivery_time-1-day","10":"delivery_time-2-days","12":"first","13":"instock","14":"shipping-taxable","15":"purchasable","16":"product-type-tasks"},"acf":[],"_links":{"self":[{"href":"https:\/\/tutfix.ro\/en_us\/wp-json\/wp\/v2\/product\/17629","targetHints":{"allow":["GET"]}}],"collection":[{"href":"https:\/\/tutfix.ro\/en_us\/wp-json\/wp\/v2\/product"}],"about":[{"href":"https:\/\/tutfix.ro\/en_us\/wp-json\/wp\/v2\/types\/product"}],"author":[{"embeddable":true,"href":"https:\/\/tutfix.ro\/en_us\/wp-json\/wp\/v2\/users\/148"}],"replies":[{"embeddable":true,"href":"https:\/\/tutfix.ro\/en_us\/wp-json\/wp\/v2\/comments?post=17629"}],"wp:featuredmedia":[{"embeddable":true,"href":"https:\/\/tutfix.ro\/en_us\/wp-json\/wp\/v2\/media\/17630"}],"wp:attachment":[{"href":"https:\/\/tutfix.ro\/en_us\/wp-json\/wp\/v2\/media?parent=17629"}],"wp:term":[{"taxonomy":"product_brand","embeddable":true,"href":"https:\/\/tutfix.ro\/en_us\/wp-json\/wp\/v2\/product_brand?post=17629"},{"taxonomy":"product_cat","embeddable":true,"href":"https:\/\/tutfix.ro\/en_us\/wp-json\/wp\/v2\/product_cat?post=17629"},{"taxonomy":"product_tag","embeddable":true,"href":"https:\/\/tutfix.ro\/en_us\/wp-json\/wp\/v2\/product_tag?post=17629"},{"taxonomy":"languages","embeddable":true,"href":"https:\/\/tutfix.ro\/en_us\/wp-json\/wp\/v2\/languages?post=17629"},{"taxonomy":"duration","embeddable":true,"href":"https:\/\/tutfix.ro\/en_us\/wp-json\/wp\/v2\/duration?post=17629"},{"taxonomy":"expertise_level","embeddable":true,"href":"https:\/\/tutfix.ro\/en_us\/wp-json\/wp\/v2\/expertise_level?post=17629"},{"taxonomy":"skills","embeddable":true,"href":"https:\/\/tutfix.ro\/en_us\/wp-json\/wp\/v2\/skills?post=17629"},{"taxonomy":"delivery_time","embeddable":true,"href":"https:\/\/tutfix.ro\/en_us\/wp-json\/wp\/v2\/delivery_time?post=17629"}],"curies":[{"name":"wp","href":"https:\/\/api.w.org\/{rel}","templated":true}]}}