{"id":17618,"date":"2025-10-29T04:44:09","date_gmt":"2025-10-29T04:44:09","guid":{"rendered":"https:\/\/tutfix.com\/en_us\/?post_type=product&#038;p=17618"},"modified":"2025-10-29T04:44:09","modified_gmt":"2025-10-29T04:44:09","slug":"ofer-servicii-de-reparatii-casnice-bricolaj-si-reglaje-usi-ferestre-in-arad","status":"publish","type":"product","link":"https:\/\/tutfix.ro\/en_us\/product\/ofer-servicii-de-reparatii-casnice-bricolaj-si-reglaje-usi-ferestre-in-arad\/","title":{"rendered":"Ofer servicii de repara\u021bii casnice, bricolaj \u0219i reglaje u\u0219i\/ferestre \u00een Arad"},"content":{"rendered":"<p>M\u0103 ocup de micile lucr\u0103ri pe care de obicei le am\u00e2ni: str\u00e2ng un \u0219urub, reglez o u\u0219\u0103 care sc\u00e2r\u021b\u00e2ie, schimb o balama sau montezi un suport TV.<br \/>Nu trebuie s\u0103 chemi o firm\u0103 mare pentru o treab\u0103 mic\u0103 \u2013 vin eu, rezolv rapid \u0219i corect, la pre\u021b fix.<br \/>Ideal pentru apartamente, garsoniere \u0219i spa\u021bii comerciale.<\/p>\n","protected":false},"excerpt":{"rendered":"<p>M\u0103 ocup de micile lucr\u0103ri pe care de obicei le am\u00e2ni: str\u00e2ng un \u0219urub, reglez o u\u0219\u0103 care sc\u00e2r\u021b\u00e2ie, schimb o balama sau montezi un suport TV.Nu trebuie s\u0103 chemi o firm\u0103 mare pentru o treab\u0103 mic\u0103 \u2013 vin eu, rezolv rapid \u0219i corect, la pre\u021b fix.Ideal pentru apartamente, garsoniere \u0219i&#8230;<\/p>\n","protected":false},"author":147,"featured_media":17619,"comment_status":"open","ping_status":"closed","template":"","meta":{"_acf_changed":false},"product_brand":[],"product_cat":[748,722],"product_tag":[1122],"languages":[],"duration":[],"expertise_level":[],"skills":[],"delivery_time":[215],"class_list":{"0":"post-17618","1":"product","2":"type-product","3":"status-publish","4":"has-post-thumbnail","6":"product_cat-furniture-assembly-repairs","7":"product_cat-home-garden","8":"product_tag-furniture-assembly-amp-repairs","9":"delivery_time-1-day","11":"first","12":"instock","13":"shipping-taxable","14":"purchasable","15":"product-type-tasks"},"acf":[],"_links":{"self":[{"href":"https:\/\/tutfix.ro\/en_us\/wp-json\/wp\/v2\/product\/17618","targetHints":{"allow":["GET"]}}],"collection":[{"href":"https:\/\/tutfix.ro\/en_us\/wp-json\/wp\/v2\/product"}],"about":[{"href":"https:\/\/tutfix.ro\/en_us\/wp-json\/wp\/v2\/types\/product"}],"author":[{"embeddable":true,"href":"https:\/\/tutfix.ro\/en_us\/wp-json\/wp\/v2\/users\/147"}],"replies":[{"embeddable":true,"href":"https:\/\/tutfix.ro\/en_us\/wp-json\/wp\/v2\/comments?post=17618"}],"wp:featuredmedia":[{"embeddable":true,"href":"https:\/\/tutfix.ro\/en_us\/wp-json\/wp\/v2\/media\/17619"}],"wp:attachment":[{"href":"https:\/\/tutfix.ro\/en_us\/wp-json\/wp\/v2\/media?parent=17618"}],"wp:term":[{"taxonomy":"product_brand","embeddable":true,"href":"https:\/\/tutfix.ro\/en_us\/wp-json\/wp\/v2\/product_brand?post=17618"},{"taxonomy":"product_cat","embeddable":true,"href":"https:\/\/tutfix.ro\/en_us\/wp-json\/wp\/v2\/product_cat?post=17618"},{"taxonomy":"product_tag","embeddable":true,"href":"https:\/\/tutfix.ro\/en_us\/wp-json\/wp\/v2\/product_tag?post=17618"},{"taxonomy":"languages","embeddable":true,"href":"https:\/\/tutfix.ro\/en_us\/wp-json\/wp\/v2\/languages?post=17618"},{"taxonomy":"duration","embeddable":true,"href":"https:\/\/tutfix.ro\/en_us\/wp-json\/wp\/v2\/duration?post=17618"},{"taxonomy":"expertise_level","embeddable":true,"href":"https:\/\/tutfix.ro\/en_us\/wp-json\/wp\/v2\/expertise_level?post=17618"},{"taxonomy":"skills","embeddable":true,"href":"https:\/\/tutfix.ro\/en_us\/wp-json\/wp\/v2\/skills?post=17618"},{"taxonomy":"delivery_time","embeddable":true,"href":"https:\/\/tutfix.ro\/en_us\/wp-json\/wp\/v2\/delivery_time?post=17618"}],"curies":[{"name":"wp","href":"https:\/\/api.w.org\/{rel}","templated":true}]}}