{"id":17599,"date":"2025-10-29T03:58:15","date_gmt":"2025-10-29T03:58:15","guid":{"rendered":"https:\/\/tutfix.com\/en_us\/?post_type=product&#038;p=17599"},"modified":"2025-10-29T03:58:15","modified_gmt":"2025-10-29T03:58:15","slug":"prestez-servicii-de-reparatii-si-intretinere-masini-de-spalat-in-sibiu","status":"publish","type":"product","link":"https:\/\/tutfix.ro\/en_us\/product\/prestez-servicii-de-reparatii-si-intretinere-masini-de-spalat-in-sibiu\/","title":{"rendered":"Prestez servicii de repara\u021bii \u0219i \u00eentre\u021binere ma\u0219ini de sp\u0103lat \u00een Sibiu"},"content":{"rendered":"<p>M\u0103 deplasez la domiciliu pentru orice problem\u0103 legat\u0103 de ma\u0219ina de sp\u0103lat: nu stoarce, nu \u00eenc\u0103lze\u0219te, face zgomot sau nu mai porne\u0219te.<br \/>Verific rapid cauza, repar pe loc dac\u0103 e posibil \u0219i ofer sfaturi pentru \u00eentre\u021binere corect\u0103.<br \/>Lucrez cu toate m\u0103rcile (Whirlpool, Samsung, LG, Bosch, Beko, Arctic etc.).<\/p>\n","protected":false},"excerpt":{"rendered":"<p>M\u0103 deplasez la domiciliu pentru orice problem\u0103 legat\u0103 de ma\u0219ina de sp\u0103lat: nu stoarce, nu \u00eenc\u0103lze\u0219te, face zgomot sau nu mai porne\u0219te.Verific rapid cauza, repar pe loc dac\u0103 e posibil \u0219i ofer sfaturi pentru \u00eentre\u021binere corect\u0103.Lucrez cu toate m\u0103rcile (Whirlpool, Samsung, LG, Bosch, Beko, Arctic etc.).<\/p>\n","protected":false},"author":146,"featured_media":17600,"comment_status":"open","ping_status":"closed","template":"","meta":{"_acf_changed":false},"product_brand":[],"product_cat":[729,722],"product_tag":[1120],"languages":[],"duration":[],"expertise_level":[],"skills":[],"delivery_time":[215,217],"class_list":{"0":"post-17599","1":"product","2":"type-product","3":"status-publish","4":"has-post-thumbnail","6":"product_cat-boiler-heating-repairs","7":"product_cat-home-garden","8":"product_tag-air-conditioning-installation-ampamp-maintenance","9":"delivery_time-1-day","10":"delivery_time-2-days","12":"first","13":"instock","14":"shipping-taxable","15":"purchasable","16":"product-type-tasks"},"acf":[],"_links":{"self":[{"href":"https:\/\/tutfix.ro\/en_us\/wp-json\/wp\/v2\/product\/17599","targetHints":{"allow":["GET"]}}],"collection":[{"href":"https:\/\/tutfix.ro\/en_us\/wp-json\/wp\/v2\/product"}],"about":[{"href":"https:\/\/tutfix.ro\/en_us\/wp-json\/wp\/v2\/types\/product"}],"author":[{"embeddable":true,"href":"https:\/\/tutfix.ro\/en_us\/wp-json\/wp\/v2\/users\/146"}],"replies":[{"embeddable":true,"href":"https:\/\/tutfix.ro\/en_us\/wp-json\/wp\/v2\/comments?post=17599"}],"wp:featuredmedia":[{"embeddable":true,"href":"https:\/\/tutfix.ro\/en_us\/wp-json\/wp\/v2\/media\/17600"}],"wp:attachment":[{"href":"https:\/\/tutfix.ro\/en_us\/wp-json\/wp\/v2\/media?parent=17599"}],"wp:term":[{"taxonomy":"product_brand","embeddable":true,"href":"https:\/\/tutfix.ro\/en_us\/wp-json\/wp\/v2\/product_brand?post=17599"},{"taxonomy":"product_cat","embeddable":true,"href":"https:\/\/tutfix.ro\/en_us\/wp-json\/wp\/v2\/product_cat?post=17599"},{"taxonomy":"product_tag","embeddable":true,"href":"https:\/\/tutfix.ro\/en_us\/wp-json\/wp\/v2\/product_tag?post=17599"},{"taxonomy":"languages","embeddable":true,"href":"https:\/\/tutfix.ro\/en_us\/wp-json\/wp\/v2\/languages?post=17599"},{"taxonomy":"duration","embeddable":true,"href":"https:\/\/tutfix.ro\/en_us\/wp-json\/wp\/v2\/duration?post=17599"},{"taxonomy":"expertise_level","embeddable":true,"href":"https:\/\/tutfix.ro\/en_us\/wp-json\/wp\/v2\/expertise_level?post=17599"},{"taxonomy":"skills","embeddable":true,"href":"https:\/\/tutfix.ro\/en_us\/wp-json\/wp\/v2\/skills?post=17599"},{"taxonomy":"delivery_time","embeddable":true,"href":"https:\/\/tutfix.ro\/en_us\/wp-json\/wp\/v2\/delivery_time?post=17599"}],"curies":[{"name":"wp","href":"https:\/\/api.w.org\/{rel}","templated":true}]}}