{"id":17583,"date":"2025-10-29T03:26:48","date_gmt":"2025-10-29T03:26:48","guid":{"rendered":"https:\/\/tutfix.com\/en_us\/?post_type=product&#038;p=17583"},"modified":"2025-10-29T03:26:48","modified_gmt":"2025-10-29T03:26:48","slug":"prestez-servicii-de-tuns-barbierit-si-aranjat-par-la-domiciliu-in-oradea","status":"publish","type":"product","link":"https:\/\/tutfix.ro\/en_us\/product\/prestez-servicii-de-tuns-barbierit-si-aranjat-par-la-domiciliu-in-oradea\/","title":{"rendered":"Prestez servicii de tuns, b\u0103rbierit \u0219i aranjat p\u0103r la domiciliu \u00een Oradea"},"content":{"rendered":"<p>Vin la tine acas\u0103 sau la birou cu toate ustensilele profesionale necesare pentru o tunsoare curat\u0103 \u0219i un b\u0103rbierit precis.<br \/>Folosesc produse de calitate (Reuzel, Proraso, Wahl), lucrez calm, f\u0103r\u0103 grab\u0103, \u0219i respect igiena complet\u0103.<br \/>Ideal pentru persoane ocupate sau pentru b\u0103tr\u00e2ni care nu se pot deplasa.<\/p>\n","protected":false},"excerpt":{"rendered":"<p>Vin la tine acas\u0103 sau la birou cu toate ustensilele profesionale necesare pentru o tunsoare curat\u0103 \u0219i un b\u0103rbierit precis.Folosesc produse de calitate (Reuzel, Proraso, Wahl), lucrez calm, f\u0103r\u0103 grab\u0103, \u0219i respect igiena complet\u0103.Ideal pentru persoane ocupate sau pentru b\u0103tr\u00e2ni care nu se pot deplasa.<\/p>\n","protected":false},"author":145,"featured_media":17584,"comment_status":"open","ping_status":"closed","template":"","meta":{"_acf_changed":false},"product_brand":[],"product_cat":[914,913],"product_tag":[915],"languages":[],"duration":[],"expertise_level":[],"skills":[],"delivery_time":[215],"class_list":{"0":"post-17583","1":"product","2":"type-product","3":"status-publish","4":"has-post-thumbnail","6":"product_cat-hairdresser-barber","7":"product_cat-health-personal-care","8":"product_tag-hairdresser-barber","9":"delivery_time-1-day","11":"first","12":"instock","13":"shipping-taxable","14":"purchasable","15":"product-type-tasks"},"acf":[],"_links":{"self":[{"href":"https:\/\/tutfix.ro\/en_us\/wp-json\/wp\/v2\/product\/17583","targetHints":{"allow":["GET"]}}],"collection":[{"href":"https:\/\/tutfix.ro\/en_us\/wp-json\/wp\/v2\/product"}],"about":[{"href":"https:\/\/tutfix.ro\/en_us\/wp-json\/wp\/v2\/types\/product"}],"author":[{"embeddable":true,"href":"https:\/\/tutfix.ro\/en_us\/wp-json\/wp\/v2\/users\/145"}],"replies":[{"embeddable":true,"href":"https:\/\/tutfix.ro\/en_us\/wp-json\/wp\/v2\/comments?post=17583"}],"wp:featuredmedia":[{"embeddable":true,"href":"https:\/\/tutfix.ro\/en_us\/wp-json\/wp\/v2\/media\/17584"}],"wp:attachment":[{"href":"https:\/\/tutfix.ro\/en_us\/wp-json\/wp\/v2\/media?parent=17583"}],"wp:term":[{"taxonomy":"product_brand","embeddable":true,"href":"https:\/\/tutfix.ro\/en_us\/wp-json\/wp\/v2\/product_brand?post=17583"},{"taxonomy":"product_cat","embeddable":true,"href":"https:\/\/tutfix.ro\/en_us\/wp-json\/wp\/v2\/product_cat?post=17583"},{"taxonomy":"product_tag","embeddable":true,"href":"https:\/\/tutfix.ro\/en_us\/wp-json\/wp\/v2\/product_tag?post=17583"},{"taxonomy":"languages","embeddable":true,"href":"https:\/\/tutfix.ro\/en_us\/wp-json\/wp\/v2\/languages?post=17583"},{"taxonomy":"duration","embeddable":true,"href":"https:\/\/tutfix.ro\/en_us\/wp-json\/wp\/v2\/duration?post=17583"},{"taxonomy":"expertise_level","embeddable":true,"href":"https:\/\/tutfix.ro\/en_us\/wp-json\/wp\/v2\/expertise_level?post=17583"},{"taxonomy":"skills","embeddable":true,"href":"https:\/\/tutfix.ro\/en_us\/wp-json\/wp\/v2\/skills?post=17583"},{"taxonomy":"delivery_time","embeddable":true,"href":"https:\/\/tutfix.ro\/en_us\/wp-json\/wp\/v2\/delivery_time?post=17583"}],"curies":[{"name":"wp","href":"https:\/\/api.w.org\/{rel}","templated":true}]}}