{"id":17567,"date":"2025-10-29T03:12:55","date_gmt":"2025-10-29T03:12:55","guid":{"rendered":"https:\/\/tutfix.com\/en_us\/?post_type=product&#038;p=17567"},"modified":"2025-10-29T03:12:55","modified_gmt":"2025-10-29T03:12:55","slug":"prestez-servicii-profesionale-de-zugraveli-glet-si-lavabil-galati","status":"publish","type":"product","link":"https:\/\/tutfix.ro\/en_us\/product\/prestez-servicii-profesionale-de-zugraveli-glet-si-lavabil-galati\/","title":{"rendered":"Prestez servicii profesionale de zugr\u0103veli, glet \u0219i lavabil Galati"},"content":{"rendered":"<p>Realizez zugr\u0103veli cu lavabil\u0103 de calitate, preg\u0103tire pere\u021bi, finisaje \u0219i glet, at\u00e2t pentru apartamente, c\u00e2t \u0219i pentru spa\u021bii comerciale.<br \/>Lucrez curat, acop\u0103r mobila \u0219i pardoseala, iar la final las spa\u021biul ordonat \u0219i aerisit.<br \/>Pot oferi consultan\u021b\u0103 pentru alegerea culorilor \u0219i tipului de vopsea, \u00een func\u021bie de suprafa\u021b\u0103 \u0219i buget.<\/p>\n","protected":false},"excerpt":{"rendered":"<p>Realizez zugr\u0103veli cu lavabil\u0103 de calitate, preg\u0103tire pere\u021bi, finisaje \u0219i glet, at\u00e2t pentru apartamente, c\u00e2t \u0219i pentru spa\u021bii comerciale.Lucrez curat, acop\u0103r mobila \u0219i pardoseala, iar la final las spa\u021biul ordonat \u0219i aerisit.Pot oferi consultan\u021b\u0103 pentru alegerea culorilor \u0219i tipului de vopsea, \u00een func\u021bie de suprafa\u021b\u0103 \u0219i buget.<\/p>\n","protected":false},"author":144,"featured_media":17568,"comment_status":"open","ping_status":"closed","template":"","meta":{"_acf_changed":false},"product_brand":[],"product_cat":[722,735],"product_tag":[761],"languages":[],"duration":[],"expertise_level":[],"skills":[],"delivery_time":[215,217,218],"class_list":{"0":"post-17567","1":"product","2":"type-product","3":"status-publish","4":"has-post-thumbnail","6":"product_cat-home-garden","7":"product_cat-painting-finishing","8":"product_tag-postconstruction-cleaning","9":"delivery_time-1-day","10":"delivery_time-2-days","11":"delivery_time-3-days","13":"first","14":"instock","15":"shipping-taxable","16":"purchasable","17":"product-type-tasks"},"acf":[],"_links":{"self":[{"href":"https:\/\/tutfix.ro\/en_us\/wp-json\/wp\/v2\/product\/17567","targetHints":{"allow":["GET"]}}],"collection":[{"href":"https:\/\/tutfix.ro\/en_us\/wp-json\/wp\/v2\/product"}],"about":[{"href":"https:\/\/tutfix.ro\/en_us\/wp-json\/wp\/v2\/types\/product"}],"author":[{"embeddable":true,"href":"https:\/\/tutfix.ro\/en_us\/wp-json\/wp\/v2\/users\/144"}],"replies":[{"embeddable":true,"href":"https:\/\/tutfix.ro\/en_us\/wp-json\/wp\/v2\/comments?post=17567"}],"wp:featuredmedia":[{"embeddable":true,"href":"https:\/\/tutfix.ro\/en_us\/wp-json\/wp\/v2\/media\/17568"}],"wp:attachment":[{"href":"https:\/\/tutfix.ro\/en_us\/wp-json\/wp\/v2\/media?parent=17567"}],"wp:term":[{"taxonomy":"product_brand","embeddable":true,"href":"https:\/\/tutfix.ro\/en_us\/wp-json\/wp\/v2\/product_brand?post=17567"},{"taxonomy":"product_cat","embeddable":true,"href":"https:\/\/tutfix.ro\/en_us\/wp-json\/wp\/v2\/product_cat?post=17567"},{"taxonomy":"product_tag","embeddable":true,"href":"https:\/\/tutfix.ro\/en_us\/wp-json\/wp\/v2\/product_tag?post=17567"},{"taxonomy":"languages","embeddable":true,"href":"https:\/\/tutfix.ro\/en_us\/wp-json\/wp\/v2\/languages?post=17567"},{"taxonomy":"duration","embeddable":true,"href":"https:\/\/tutfix.ro\/en_us\/wp-json\/wp\/v2\/duration?post=17567"},{"taxonomy":"expertise_level","embeddable":true,"href":"https:\/\/tutfix.ro\/en_us\/wp-json\/wp\/v2\/expertise_level?post=17567"},{"taxonomy":"skills","embeddable":true,"href":"https:\/\/tutfix.ro\/en_us\/wp-json\/wp\/v2\/skills?post=17567"},{"taxonomy":"delivery_time","embeddable":true,"href":"https:\/\/tutfix.ro\/en_us\/wp-json\/wp\/v2\/delivery_time?post=17567"}],"curies":[{"name":"wp","href":"https:\/\/api.w.org\/{rel}","templated":true}]}}