{"id":17556,"date":"2025-10-29T02:53:38","date_gmt":"2025-10-29T02:53:38","guid":{"rendered":"https:\/\/tutfix.com\/en_us\/?post_type=product&#038;p=17556"},"modified":"2025-10-29T02:53:38","modified_gmt":"2025-10-29T02:53:38","slug":"efectuez-mentenanta-lunara-si-optimizare-site-uri-wordpress-pentru-performanta-maxima","status":"publish","type":"product","link":"https:\/\/tutfix.ro\/en_us\/product\/efectuez-mentenanta-lunara-si-optimizare-site-uri-wordpress-pentru-performanta-maxima\/","title":{"rendered":"Efectuez mentenan\u021b\u0103 lunar\u0103 \u0219i optimizare site-uri WordPress pentru performan\u021b\u0103 maxim\u0103"},"content":{"rendered":"<p>Dac\u0103 ai deja un site \u0219i vrei s\u0103 func\u021bioneze mai bine, m\u0103 ocup de \u00eentre\u021binerea lui complet\u0103: actualiz\u0103ri, cur\u0103\u021bare pluginuri, backup automat, vitez\u0103 \u0219i securitate.<br \/>Multe site-uri devin lente sau se blocheaz\u0103 tocmai din lips\u0103 de mentenan\u021b\u0103. Eu am grij\u0103 ca asta s\u0103 nu se \u00eent\u00e2mple.<br \/>Fie c\u0103 e\u0219ti blogger, firm\u0103 mic\u0103 sau magazin online, \u00ee\u021bi ofer un plan clar de \u00eentre\u021binere, f\u0103r\u0103 termeni tehnici inutili.<\/p>\n","protected":false},"excerpt":{"rendered":"<p>Dac\u0103 ai deja un site \u0219i vrei s\u0103 func\u021bioneze mai bine, m\u0103 ocup de \u00eentre\u021binerea lui complet\u0103: actualiz\u0103ri, cur\u0103\u021bare pluginuri, backup automat, vitez\u0103 \u0219i securitate.Multe site-uri devin lente sau se blocheaz\u0103 tocmai din lips\u0103 de mentenan\u021b\u0103. Eu am grij\u0103 ca asta s\u0103 nu se \u00eent\u00e2mple.Fie c\u0103 e\u0219ti blogger, firm\u0103 mic\u0103 sau&#8230;<\/p>\n","protected":false},"author":143,"featured_media":17557,"comment_status":"open","ping_status":"closed","template":"","meta":{"_acf_changed":false},"product_brand":[],"product_cat":[826,827],"product_tag":[828],"languages":[],"duration":[],"expertise_level":[],"skills":[],"delivery_time":[218],"class_list":{"0":"post-17556","1":"product","2":"type-product","3":"status-publish","4":"has-post-thumbnail","6":"product_cat-it-digital","7":"product_cat-website-development","8":"product_tag-website-development","9":"delivery_time-3-days","11":"first","12":"instock","13":"shipping-taxable","14":"purchasable","15":"product-type-tasks"},"acf":[],"_links":{"self":[{"href":"https:\/\/tutfix.ro\/en_us\/wp-json\/wp\/v2\/product\/17556","targetHints":{"allow":["GET"]}}],"collection":[{"href":"https:\/\/tutfix.ro\/en_us\/wp-json\/wp\/v2\/product"}],"about":[{"href":"https:\/\/tutfix.ro\/en_us\/wp-json\/wp\/v2\/types\/product"}],"author":[{"embeddable":true,"href":"https:\/\/tutfix.ro\/en_us\/wp-json\/wp\/v2\/users\/143"}],"replies":[{"embeddable":true,"href":"https:\/\/tutfix.ro\/en_us\/wp-json\/wp\/v2\/comments?post=17556"}],"wp:featuredmedia":[{"embeddable":true,"href":"https:\/\/tutfix.ro\/en_us\/wp-json\/wp\/v2\/media\/17557"}],"wp:attachment":[{"href":"https:\/\/tutfix.ro\/en_us\/wp-json\/wp\/v2\/media?parent=17556"}],"wp:term":[{"taxonomy":"product_brand","embeddable":true,"href":"https:\/\/tutfix.ro\/en_us\/wp-json\/wp\/v2\/product_brand?post=17556"},{"taxonomy":"product_cat","embeddable":true,"href":"https:\/\/tutfix.ro\/en_us\/wp-json\/wp\/v2\/product_cat?post=17556"},{"taxonomy":"product_tag","embeddable":true,"href":"https:\/\/tutfix.ro\/en_us\/wp-json\/wp\/v2\/product_tag?post=17556"},{"taxonomy":"languages","embeddable":true,"href":"https:\/\/tutfix.ro\/en_us\/wp-json\/wp\/v2\/languages?post=17556"},{"taxonomy":"duration","embeddable":true,"href":"https:\/\/tutfix.ro\/en_us\/wp-json\/wp\/v2\/duration?post=17556"},{"taxonomy":"expertise_level","embeddable":true,"href":"https:\/\/tutfix.ro\/en_us\/wp-json\/wp\/v2\/expertise_level?post=17556"},{"taxonomy":"skills","embeddable":true,"href":"https:\/\/tutfix.ro\/en_us\/wp-json\/wp\/v2\/skills?post=17556"},{"taxonomy":"delivery_time","embeddable":true,"href":"https:\/\/tutfix.ro\/en_us\/wp-json\/wp\/v2\/delivery_time?post=17556"}],"curies":[{"name":"wp","href":"https:\/\/api.w.org\/{rel}","templated":true}]}}