{"id":17551,"date":"2025-10-29T02:51:15","date_gmt":"2025-10-29T02:51:15","guid":{"rendered":"https:\/\/tutfix.com\/en_us\/?post_type=product&#038;p=17551"},"modified":"2025-10-29T02:51:15","modified_gmt":"2025-10-29T02:51:15","slug":"ofer-servicii-complete-de-creare-site-wordpress-rapid-optimizat-si-gata-de-lansare","status":"publish","type":"product","link":"https:\/\/tutfix.ro\/en_us\/product\/ofer-servicii-complete-de-creare-site-wordpress-rapid-optimizat-si-gata-de-lansare\/","title":{"rendered":"Ofer servicii complete de creare site WordPress \u2013 rapid, optimizat \u0219i gata de lansare"},"content":{"rendered":"<p>Construiesc site-uri moderne \u00een WordPress, adaptate pentru orice domeniu de activitate: prezentare firm\u0103, portofoliu, magazin online sau blog.<br \/>Lucrez curat, cu design responsive, securizare, optimizare SEO de baz\u0103 \u0219i integrare cu Google Maps, WhatsApp, email \u0219i formulare de contact.<br \/>\n<strong>Etapele lucr\u0103rii:<\/strong><br \/>1\ufe0f\u20e3 Discut\u0103m ce \u00ee\u021bi dore\u0219ti \u0219i stabilesc o structur\u0103 clar\u0103<br \/>2\ufe0f\u20e3 Creez designul \u0219i adaug con\u021binutul t\u0103u (texte, poze, servicii)<br \/>3\ufe0f\u20e3 Testez totul \u0219i \u00ee\u021bi predau site-ul complet func\u021bional<\/p>\n","protected":false},"excerpt":{"rendered":"<p>Construiesc site-uri moderne \u00een WordPress, adaptate pentru orice domeniu de activitate: prezentare firm\u0103, portofoliu, magazin online sau blog.Lucrez curat, cu design responsive, securizare, optimizare SEO de baz\u0103 \u0219i integrare cu Google Maps, WhatsApp, email \u0219i formulare de contact. Etapele lucr\u0103rii:1\ufe0f\u20e3 Discut\u0103m ce \u00ee\u021bi dore\u0219ti \u0219i stabilesc o structur\u0103 clar\u01032\ufe0f\u20e3 Creez designul&#8230;<\/p>\n","protected":false},"author":143,"featured_media":17552,"comment_status":"open","ping_status":"closed","template":"","meta":{"_acf_changed":false},"product_brand":[],"product_cat":[826,827],"product_tag":[828],"languages":[],"duration":[],"expertise_level":[],"skills":[],"delivery_time":[217,218,220],"class_list":{"0":"post-17551","1":"product","2":"type-product","3":"status-publish","4":"has-post-thumbnail","6":"product_cat-it-digital","7":"product_cat-website-development","8":"product_tag-website-development","9":"delivery_time-2-days","10":"delivery_time-3-days","11":"delivery_time-5-days","13":"first","14":"instock","15":"shipping-taxable","16":"purchasable","17":"product-type-tasks"},"acf":[],"_links":{"self":[{"href":"https:\/\/tutfix.ro\/en_us\/wp-json\/wp\/v2\/product\/17551","targetHints":{"allow":["GET"]}}],"collection":[{"href":"https:\/\/tutfix.ro\/en_us\/wp-json\/wp\/v2\/product"}],"about":[{"href":"https:\/\/tutfix.ro\/en_us\/wp-json\/wp\/v2\/types\/product"}],"author":[{"embeddable":true,"href":"https:\/\/tutfix.ro\/en_us\/wp-json\/wp\/v2\/users\/143"}],"replies":[{"embeddable":true,"href":"https:\/\/tutfix.ro\/en_us\/wp-json\/wp\/v2\/comments?post=17551"}],"wp:featuredmedia":[{"embeddable":true,"href":"https:\/\/tutfix.ro\/en_us\/wp-json\/wp\/v2\/media\/17552"}],"wp:attachment":[{"href":"https:\/\/tutfix.ro\/en_us\/wp-json\/wp\/v2\/media?parent=17551"}],"wp:term":[{"taxonomy":"product_brand","embeddable":true,"href":"https:\/\/tutfix.ro\/en_us\/wp-json\/wp\/v2\/product_brand?post=17551"},{"taxonomy":"product_cat","embeddable":true,"href":"https:\/\/tutfix.ro\/en_us\/wp-json\/wp\/v2\/product_cat?post=17551"},{"taxonomy":"product_tag","embeddable":true,"href":"https:\/\/tutfix.ro\/en_us\/wp-json\/wp\/v2\/product_tag?post=17551"},{"taxonomy":"languages","embeddable":true,"href":"https:\/\/tutfix.ro\/en_us\/wp-json\/wp\/v2\/languages?post=17551"},{"taxonomy":"duration","embeddable":true,"href":"https:\/\/tutfix.ro\/en_us\/wp-json\/wp\/v2\/duration?post=17551"},{"taxonomy":"expertise_level","embeddable":true,"href":"https:\/\/tutfix.ro\/en_us\/wp-json\/wp\/v2\/expertise_level?post=17551"},{"taxonomy":"skills","embeddable":true,"href":"https:\/\/tutfix.ro\/en_us\/wp-json\/wp\/v2\/skills?post=17551"},{"taxonomy":"delivery_time","embeddable":true,"href":"https:\/\/tutfix.ro\/en_us\/wp-json\/wp\/v2\/delivery_time?post=17551"}],"curies":[{"name":"wp","href":"https:\/\/api.w.org\/{rel}","templated":true}]}}