{"id":17540,"date":"2025-10-29T02:29:29","date_gmt":"2025-10-29T02:29:29","guid":{"rendered":"https:\/\/tutfix.com\/en_us\/?post_type=product&#038;p=17540"},"modified":"2025-10-29T02:29:29","modified_gmt":"2025-10-29T02:29:29","slug":"servicii-rapide-de-livrare-si-transport-colete-in-cluj-si-judetul-cluj","status":"publish","type":"product","link":"https:\/\/tutfix.ro\/en_us\/product\/servicii-rapide-de-livrare-si-transport-colete-in-cluj-si-judetul-cluj\/","title":{"rendered":"Servicii rapide de livrare \u0219i transport colete \u00een Cluj \u0219i jude\u021bul Cluj"},"content":{"rendered":"<p>Fac livr\u0103ri \u0219i transport colete la cerere pentru persoane fizice sau firme. M\u0103 ocup personal de preluare \u0219i livrare, f\u0103r\u0103 curieri intermediari.<br \/>Perfect pentru livr\u0103ri urgente, pachete fragile sau transport \u00eentre sedii de firm\u0103.<br \/>Pot emite factur\u0103 la cerere \u0219i ofer poze la predare.<\/p>\n","protected":false},"excerpt":{"rendered":"<p>Fac livr\u0103ri \u0219i transport colete la cerere pentru persoane fizice sau firme. M\u0103 ocup personal de preluare \u0219i livrare, f\u0103r\u0103 curieri intermediari.Perfect pentru livr\u0103ri urgente, pachete fragile sau transport \u00eentre sedii de firm\u0103.Pot emite factur\u0103 la cerere \u0219i ofer poze la predare.<\/p>\n","protected":false},"author":142,"featured_media":17541,"comment_status":"open","ping_status":"closed","template":"","meta":{"_acf_changed":false},"product_brand":[],"product_cat":[785,816],"product_tag":[1118],"languages":[],"duration":[],"expertise_level":[],"skills":[],"delivery_time":[215],"class_list":{"0":"post-17540","1":"product","2":"type-product","3":"status-publish","4":"has-post-thumbnail","6":"product_cat-auto-transport","7":"product_cat-large-items-furniture-transport","8":"product_tag-large-items-ampamp-furniture-transport","9":"delivery_time-1-day","11":"first","12":"instock","13":"shipping-taxable","14":"purchasable","15":"product-type-tasks"},"acf":[],"_links":{"self":[{"href":"https:\/\/tutfix.ro\/en_us\/wp-json\/wp\/v2\/product\/17540","targetHints":{"allow":["GET"]}}],"collection":[{"href":"https:\/\/tutfix.ro\/en_us\/wp-json\/wp\/v2\/product"}],"about":[{"href":"https:\/\/tutfix.ro\/en_us\/wp-json\/wp\/v2\/types\/product"}],"author":[{"embeddable":true,"href":"https:\/\/tutfix.ro\/en_us\/wp-json\/wp\/v2\/users\/142"}],"replies":[{"embeddable":true,"href":"https:\/\/tutfix.ro\/en_us\/wp-json\/wp\/v2\/comments?post=17540"}],"wp:featuredmedia":[{"embeddable":true,"href":"https:\/\/tutfix.ro\/en_us\/wp-json\/wp\/v2\/media\/17541"}],"wp:attachment":[{"href":"https:\/\/tutfix.ro\/en_us\/wp-json\/wp\/v2\/media?parent=17540"}],"wp:term":[{"taxonomy":"product_brand","embeddable":true,"href":"https:\/\/tutfix.ro\/en_us\/wp-json\/wp\/v2\/product_brand?post=17540"},{"taxonomy":"product_cat","embeddable":true,"href":"https:\/\/tutfix.ro\/en_us\/wp-json\/wp\/v2\/product_cat?post=17540"},{"taxonomy":"product_tag","embeddable":true,"href":"https:\/\/tutfix.ro\/en_us\/wp-json\/wp\/v2\/product_tag?post=17540"},{"taxonomy":"languages","embeddable":true,"href":"https:\/\/tutfix.ro\/en_us\/wp-json\/wp\/v2\/languages?post=17540"},{"taxonomy":"duration","embeddable":true,"href":"https:\/\/tutfix.ro\/en_us\/wp-json\/wp\/v2\/duration?post=17540"},{"taxonomy":"expertise_level","embeddable":true,"href":"https:\/\/tutfix.ro\/en_us\/wp-json\/wp\/v2\/expertise_level?post=17540"},{"taxonomy":"skills","embeddable":true,"href":"https:\/\/tutfix.ro\/en_us\/wp-json\/wp\/v2\/skills?post=17540"},{"taxonomy":"delivery_time","embeddable":true,"href":"https:\/\/tutfix.ro\/en_us\/wp-json\/wp\/v2\/delivery_time?post=17540"}],"curies":[{"name":"wp","href":"https:\/\/api.w.org\/{rel}","templated":true}]}}