{"id":17525,"date":"2025-10-29T02:13:08","date_gmt":"2025-10-29T02:13:08","guid":{"rendered":"https:\/\/tutfix.com\/en_us\/?post_type=product&#038;p=17525"},"modified":"2025-10-29T02:13:08","modified_gmt":"2025-10-29T02:13:08","slug":"efectuez-curatenie-profesionala-pentru-geamuri-vitrine-si-fatade-in-constanta","status":"publish","type":"product","link":"https:\/\/tutfix.ro\/en_us\/product\/efectuez-curatenie-profesionala-pentru-geamuri-vitrine-si-fatade-in-constanta\/","title":{"rendered":"Efectuez cur\u0103\u021benie profesional\u0103 pentru geamuri, vitrine \u0219i fa\u021bade \u00een Constan\u021ba"},"content":{"rendered":"<p>Cur\u0103\u021b geamuri, vitrine \u0219i fa\u021bade din sticl\u0103 pentru birouri, magazine \u0219i cl\u0103diri comerciale. Folosesc echipamente cu ap\u0103 deionizat\u0103 \u0219i accesorii cu perii telescopice, astfel \u00eenc\u00e2t geamurile r\u0103m\u00e2n curate, f\u0103r\u0103 urme.<br \/>Ofer servicii sigure, inclusiv la \u00een\u0103l\u021bime, cu echipament de protec\u021bie \u0219i solu\u021bii aprobate.<\/p>\n","protected":false},"excerpt":{"rendered":"<p>Cur\u0103\u021b geamuri, vitrine \u0219i fa\u021bade din sticl\u0103 pentru birouri, magazine \u0219i cl\u0103diri comerciale. Folosesc echipamente cu ap\u0103 deionizat\u0103 \u0219i accesorii cu perii telescopice, astfel \u00eenc\u00e2t geamurile r\u0103m\u00e2n curate, f\u0103r\u0103 urme.Ofer servicii sigure, inclusiv la \u00een\u0103l\u021bime, cu echipament de protec\u021bie \u0219i solu\u021bii aprobate.<\/p>\n","protected":false},"author":141,"featured_media":17526,"comment_status":"open","ping_status":"closed","template":"","meta":{"_acf_changed":false},"product_brand":[],"product_cat":[722,767],"product_tag":[768],"languages":[],"duration":[],"expertise_level":[],"skills":[],"delivery_time":[215,217,218],"class_list":{"0":"post-17525","1":"product","2":"type-product","3":"status-publish","4":"has-post-thumbnail","6":"product_cat-home-garden","7":"product_cat-window-cleaning","8":"product_tag-window-cleaning","9":"delivery_time-1-day","10":"delivery_time-2-days","11":"delivery_time-3-days","13":"first","14":"instock","15":"shipping-taxable","16":"purchasable","17":"product-type-tasks"},"acf":[],"_links":{"self":[{"href":"https:\/\/tutfix.ro\/en_us\/wp-json\/wp\/v2\/product\/17525","targetHints":{"allow":["GET"]}}],"collection":[{"href":"https:\/\/tutfix.ro\/en_us\/wp-json\/wp\/v2\/product"}],"about":[{"href":"https:\/\/tutfix.ro\/en_us\/wp-json\/wp\/v2\/types\/product"}],"author":[{"embeddable":true,"href":"https:\/\/tutfix.ro\/en_us\/wp-json\/wp\/v2\/users\/141"}],"replies":[{"embeddable":true,"href":"https:\/\/tutfix.ro\/en_us\/wp-json\/wp\/v2\/comments?post=17525"}],"wp:featuredmedia":[{"embeddable":true,"href":"https:\/\/tutfix.ro\/en_us\/wp-json\/wp\/v2\/media\/17526"}],"wp:attachment":[{"href":"https:\/\/tutfix.ro\/en_us\/wp-json\/wp\/v2\/media?parent=17525"}],"wp:term":[{"taxonomy":"product_brand","embeddable":true,"href":"https:\/\/tutfix.ro\/en_us\/wp-json\/wp\/v2\/product_brand?post=17525"},{"taxonomy":"product_cat","embeddable":true,"href":"https:\/\/tutfix.ro\/en_us\/wp-json\/wp\/v2\/product_cat?post=17525"},{"taxonomy":"product_tag","embeddable":true,"href":"https:\/\/tutfix.ro\/en_us\/wp-json\/wp\/v2\/product_tag?post=17525"},{"taxonomy":"languages","embeddable":true,"href":"https:\/\/tutfix.ro\/en_us\/wp-json\/wp\/v2\/languages?post=17525"},{"taxonomy":"duration","embeddable":true,"href":"https:\/\/tutfix.ro\/en_us\/wp-json\/wp\/v2\/duration?post=17525"},{"taxonomy":"expertise_level","embeddable":true,"href":"https:\/\/tutfix.ro\/en_us\/wp-json\/wp\/v2\/expertise_level?post=17525"},{"taxonomy":"skills","embeddable":true,"href":"https:\/\/tutfix.ro\/en_us\/wp-json\/wp\/v2\/skills?post=17525"},{"taxonomy":"delivery_time","embeddable":true,"href":"https:\/\/tutfix.ro\/en_us\/wp-json\/wp\/v2\/delivery_time?post=17525"}],"curies":[{"name":"wp","href":"https:\/\/api.w.org\/{rel}","templated":true}]}}