{"id":17520,"date":"2025-10-29T02:11:04","date_gmt":"2025-10-29T02:11:04","guid":{"rendered":"https:\/\/tutfix.com\/en_us\/?post_type=product&#038;p=17520"},"modified":"2025-10-29T02:11:04","modified_gmt":"2025-10-29T02:11:04","slug":"prestez-servicii-complete-de-curatenie-pentru-birouri-si-firme-in-constanta","status":"publish","type":"product","link":"https:\/\/tutfix.ro\/en_us\/product\/prestez-servicii-complete-de-curatenie-pentru-birouri-si-firme-in-constanta\/","title":{"rendered":"Prestez servicii complete de cur\u0103\u021benie pentru birouri \u0219i firme \u00een Constan\u021ba"},"content":{"rendered":"<p>Cur\u0103\u021b birouri \u0219i spa\u021bii comerciale zilnic sau s\u0103pt\u0103m\u00e2nal, \u00een func\u021bie de nevoile companiei tale. Folosim produse profesionale care las\u0103 un miros pl\u0103cut \u0219i nu afecteaz\u0103 echipamentele.<br \/>Lucr\u0103m discret, rapid \u0219i eficient, f\u0103r\u0103 s\u0103 \u00eencurc\u0103m activitatea angaja\u021bilor.<\/p>\n","protected":false},"excerpt":{"rendered":"<p>Cur\u0103\u021b birouri \u0219i spa\u021bii comerciale zilnic sau s\u0103pt\u0103m\u00e2nal, \u00een func\u021bie de nevoile companiei tale. Folosim produse profesionale care las\u0103 un miros pl\u0103cut \u0219i nu afecteaz\u0103 echipamentele.Lucr\u0103m discret, rapid \u0219i eficient, f\u0103r\u0103 s\u0103 \u00eencurc\u0103m activitatea angaja\u021bilor.<\/p>\n","protected":false},"author":141,"featured_media":17521,"comment_status":"open","ping_status":"closed","template":"","meta":{"_acf_changed":false},"product_brand":[],"product_cat":[722,767],"product_tag":[768],"languages":[],"duration":[],"expertise_level":[],"skills":[],"delivery_time":[215,217],"class_list":{"0":"post-17520","1":"product","2":"type-product","3":"status-publish","4":"has-post-thumbnail","6":"product_cat-home-garden","7":"product_cat-window-cleaning","8":"product_tag-window-cleaning","9":"delivery_time-1-day","10":"delivery_time-2-days","12":"first","13":"instock","14":"shipping-taxable","15":"purchasable","16":"product-type-tasks"},"acf":[],"_links":{"self":[{"href":"https:\/\/tutfix.ro\/en_us\/wp-json\/wp\/v2\/product\/17520","targetHints":{"allow":["GET"]}}],"collection":[{"href":"https:\/\/tutfix.ro\/en_us\/wp-json\/wp\/v2\/product"}],"about":[{"href":"https:\/\/tutfix.ro\/en_us\/wp-json\/wp\/v2\/types\/product"}],"author":[{"embeddable":true,"href":"https:\/\/tutfix.ro\/en_us\/wp-json\/wp\/v2\/users\/141"}],"replies":[{"embeddable":true,"href":"https:\/\/tutfix.ro\/en_us\/wp-json\/wp\/v2\/comments?post=17520"}],"wp:featuredmedia":[{"embeddable":true,"href":"https:\/\/tutfix.ro\/en_us\/wp-json\/wp\/v2\/media\/17521"}],"wp:attachment":[{"href":"https:\/\/tutfix.ro\/en_us\/wp-json\/wp\/v2\/media?parent=17520"}],"wp:term":[{"taxonomy":"product_brand","embeddable":true,"href":"https:\/\/tutfix.ro\/en_us\/wp-json\/wp\/v2\/product_brand?post=17520"},{"taxonomy":"product_cat","embeddable":true,"href":"https:\/\/tutfix.ro\/en_us\/wp-json\/wp\/v2\/product_cat?post=17520"},{"taxonomy":"product_tag","embeddable":true,"href":"https:\/\/tutfix.ro\/en_us\/wp-json\/wp\/v2\/product_tag?post=17520"},{"taxonomy":"languages","embeddable":true,"href":"https:\/\/tutfix.ro\/en_us\/wp-json\/wp\/v2\/languages?post=17520"},{"taxonomy":"duration","embeddable":true,"href":"https:\/\/tutfix.ro\/en_us\/wp-json\/wp\/v2\/duration?post=17520"},{"taxonomy":"expertise_level","embeddable":true,"href":"https:\/\/tutfix.ro\/en_us\/wp-json\/wp\/v2\/expertise_level?post=17520"},{"taxonomy":"skills","embeddable":true,"href":"https:\/\/tutfix.ro\/en_us\/wp-json\/wp\/v2\/skills?post=17520"},{"taxonomy":"delivery_time","embeddable":true,"href":"https:\/\/tutfix.ro\/en_us\/wp-json\/wp\/v2\/delivery_time?post=17520"}],"curies":[{"name":"wp","href":"https:\/\/api.w.org\/{rel}","templated":true}]}}