{"id":17055,"date":"2025-10-27T04:31:32","date_gmt":"2025-10-27T04:31:32","guid":{"rendered":"https:\/\/tutfix.com\/ro\/?post_type=product&#038;p=17055"},"modified":"2025-10-31T11:14:21","modified_gmt":"2025-10-31T11:14:21","slug":"iti-creez-un-site-web-personalizat-pentru-afacerea-ta","status":"publish","type":"product","link":"https:\/\/tutfix.ro\/en_us\/product\/iti-creez-un-site-web-personalizat-pentru-afacerea-ta\/","title":{"rendered":"\u00ce\u021bi creez un site web personalizat pentru afacerea ta"},"content":{"rendered":"<ul>\n<li>Salut! \u00ce\u021bi creez un site web modern, adaptat pentru afacerea ta, astfel \u00eenc\u00e2t clien\u021bii s\u0103 te g\u0103seasc\u0103 u\u0219or online \u0219i s\u0103 aib\u0103 \u00eencredere \u00een brandul t\u0103u.<br \/>\nFolosesc design curat, optimizare pentru mobil, \u00eenc\u0103rcare rapid\u0103 \u0219i structur\u0103 clar\u0103, ca s\u0103 faci o impresie bun\u0103 din primul click.<br \/>\n<strong>Po\u021bi alege ce ai nevoie:<\/strong><\/li>\n<li>site de prezentare<\/li>\n<li>site pentru servicii<\/li>\n<li>site pentru restaurant \/ salon \/ magazin<\/li>\n<li>landing page pentru campanii<\/li>\n<\/ul>\n<p>Totul se livreaz\u0103 gata configurat, cu acces \u0219i instruc\u021biuni simple.<br \/>\nScrie-mi pe chat \u0219i povestim despre ideea ta!<\/p>\n","protected":false},"excerpt":{"rendered":"<p>Salut! \u00ce\u021bi creez un site web modern, adaptat pentru afacerea ta, astfel \u00eenc\u00e2t clien\u021bii s\u0103 te g\u0103seasc\u0103 u\u0219or online \u0219i s\u0103 aib\u0103 \u00eencredere \u00een brandul t\u0103u. Folosesc design curat, optimizare pentru mobil, \u00eenc\u0103rcare rapid\u0103 \u0219i structur\u0103 clar\u0103, ca s\u0103 faci o impresie bun\u0103 din primul click. Po\u021bi alege ce ai nevoie:&#8230;<\/p>\n","protected":false},"author":46,"featured_media":17056,"comment_status":"open","ping_status":"closed","template":"","meta":{"_acf_changed":false},"product_brand":[],"product_cat":[826,827],"product_tag":[846,831],"languages":[],"duration":[],"expertise_level":[],"skills":[],"delivery_time":[219,221,222],"class_list":{"0":"post-17055","1":"product","2":"type-product","3":"status-publish","4":"has-post-thumbnail","6":"product_cat-it-digital","7":"product_cat-website-development","8":"product_tag-digital-marketing-social-media","9":"product_tag-wordpress-ecommerce","10":"delivery_time-4-days","11":"delivery_time-6-days","12":"delivery_time-7-days","14":"first","15":"instock","16":"shipping-taxable","17":"purchasable","18":"product-type-tasks"},"acf":[],"_links":{"self":[{"href":"https:\/\/tutfix.ro\/en_us\/wp-json\/wp\/v2\/product\/17055","targetHints":{"allow":["GET"]}}],"collection":[{"href":"https:\/\/tutfix.ro\/en_us\/wp-json\/wp\/v2\/product"}],"about":[{"href":"https:\/\/tutfix.ro\/en_us\/wp-json\/wp\/v2\/types\/product"}],"author":[{"embeddable":true,"href":"https:\/\/tutfix.ro\/en_us\/wp-json\/wp\/v2\/users\/46"}],"replies":[{"embeddable":true,"href":"https:\/\/tutfix.ro\/en_us\/wp-json\/wp\/v2\/comments?post=17055"}],"wp:featuredmedia":[{"embeddable":true,"href":"https:\/\/tutfix.ro\/en_us\/wp-json\/wp\/v2\/media\/17056"}],"wp:attachment":[{"href":"https:\/\/tutfix.ro\/en_us\/wp-json\/wp\/v2\/media?parent=17055"}],"wp:term":[{"taxonomy":"product_brand","embeddable":true,"href":"https:\/\/tutfix.ro\/en_us\/wp-json\/wp\/v2\/product_brand?post=17055"},{"taxonomy":"product_cat","embeddable":true,"href":"https:\/\/tutfix.ro\/en_us\/wp-json\/wp\/v2\/product_cat?post=17055"},{"taxonomy":"product_tag","embeddable":true,"href":"https:\/\/tutfix.ro\/en_us\/wp-json\/wp\/v2\/product_tag?post=17055"},{"taxonomy":"languages","embeddable":true,"href":"https:\/\/tutfix.ro\/en_us\/wp-json\/wp\/v2\/languages?post=17055"},{"taxonomy":"duration","embeddable":true,"href":"https:\/\/tutfix.ro\/en_us\/wp-json\/wp\/v2\/duration?post=17055"},{"taxonomy":"expertise_level","embeddable":true,"href":"https:\/\/tutfix.ro\/en_us\/wp-json\/wp\/v2\/expertise_level?post=17055"},{"taxonomy":"skills","embeddable":true,"href":"https:\/\/tutfix.ro\/en_us\/wp-json\/wp\/v2\/skills?post=17055"},{"taxonomy":"delivery_time","embeddable":true,"href":"https:\/\/tutfix.ro\/en_us\/wp-json\/wp\/v2\/delivery_time?post=17055"}],"curies":[{"name":"wp","href":"https:\/\/api.w.org\/{rel}","templated":true}]}}