{"id":17050,"date":"2025-10-27T04:21:42","date_gmt":"2025-10-27T04:21:42","guid":{"rendered":"https:\/\/tutfix.com\/ro\/?post_type=product&#038;p=17050"},"modified":"2025-10-27T04:21:42","modified_gmt":"2025-10-27T04:21:42","slug":"ofer-servicii-de-marketing-facebook-tiktok-ads","status":"publish","type":"product","link":"https:\/\/tutfix.ro\/en_us\/product\/ofer-servicii-de-marketing-facebook-tiktok-ads\/","title":{"rendered":"Ofer servicii de Marketing , Facebook , Tiktok ADS"},"content":{"rendered":"<p>Salut! Sunt specialist \u00een marketing online \u0219i ajut afacerile s\u0103 creasc\u0103 prin campanii eficiente de reclame (Ads) pe platformele potrivite. Dac\u0103 ai nevoie s\u0103 atragi clien\u021bi noi, s\u0103 vinzi mai mult sau s\u0103-\u021bi faci brandul cunoscut, sunt aici pentru tine.<br \/>\nCe pot face pentru tine:<\/p>\n<ul>\n<li>Configurare \u0219i optimizare <strong>campanii Ads<\/strong> (Facebook, Instagram, TikTok etc.)<\/li>\n<li><strong>Strategie de marketing<\/strong> adaptat\u0103 afacerii tale<\/li>\n<li><strong>Automatizare post\u0103ri<\/strong> (programare, organizare, planificare)<\/li>\n<li><strong>Editare video<\/strong> pentru social media<\/li>\n<li><strong>Creare videouri inteligente<\/strong> (texte, efecte, sunete)<\/li>\n<li>Analiz\u0103 \u0219i optimizare pentru rezultate mai bune<\/li>\n<\/ul>\n<p>\u00cemi place s\u0103 lucrez simplu, clar \u0219i orientat spre rezultate.<br \/>\nDac\u0103 ai \u00eentreb\u0103ri sau vrei o ofert\u0103 rapid\u0103, <strong>scrie-mi pe chat!<\/strong><br \/>\nAbia a\u0219tept s\u0103 lucr\u0103m \u00eempreun\u0103 \ud83d\ude80<\/p>\n","protected":false},"excerpt":{"rendered":"<p>Salut! Sunt specialist \u00een marketing online \u0219i ajut afacerile s\u0103 creasc\u0103 prin campanii eficiente de reclame (Ads) pe platformele potrivite. Dac\u0103 ai nevoie s\u0103 atragi clien\u021bi noi, s\u0103 vinzi mai mult sau s\u0103-\u021bi faci brandul cunoscut, sunt aici pentru tine. Ce pot face pentru tine: Configurare \u0219i optimizare campanii Ads (Facebook,&#8230;<\/p>\n","protected":false},"author":46,"featured_media":17051,"comment_status":"open","ping_status":"closed","template":"","meta":{"_acf_changed":false},"product_brand":[],"product_cat":[845,826],"product_tag":[846],"languages":[],"duration":[],"expertise_level":[],"skills":[],"delivery_time":[218,220,222],"class_list":{"0":"post-17050","1":"product","2":"type-product","3":"status-publish","4":"has-post-thumbnail","6":"product_cat-digital-marketing-social-media","7":"product_cat-it-digital","8":"product_tag-digital-marketing-social-media","9":"delivery_time-3-days","10":"delivery_time-5-days","11":"delivery_time-7-days","13":"first","14":"instock","15":"shipping-taxable","16":"purchasable","17":"product-type-tasks"},"acf":[],"_links":{"self":[{"href":"https:\/\/tutfix.ro\/en_us\/wp-json\/wp\/v2\/product\/17050","targetHints":{"allow":["GET"]}}],"collection":[{"href":"https:\/\/tutfix.ro\/en_us\/wp-json\/wp\/v2\/product"}],"about":[{"href":"https:\/\/tutfix.ro\/en_us\/wp-json\/wp\/v2\/types\/product"}],"author":[{"embeddable":true,"href":"https:\/\/tutfix.ro\/en_us\/wp-json\/wp\/v2\/users\/46"}],"replies":[{"embeddable":true,"href":"https:\/\/tutfix.ro\/en_us\/wp-json\/wp\/v2\/comments?post=17050"}],"wp:featuredmedia":[{"embeddable":true,"href":"https:\/\/tutfix.ro\/en_us\/wp-json\/wp\/v2\/media\/17051"}],"wp:attachment":[{"href":"https:\/\/tutfix.ro\/en_us\/wp-json\/wp\/v2\/media?parent=17050"}],"wp:term":[{"taxonomy":"product_brand","embeddable":true,"href":"https:\/\/tutfix.ro\/en_us\/wp-json\/wp\/v2\/product_brand?post=17050"},{"taxonomy":"product_cat","embeddable":true,"href":"https:\/\/tutfix.ro\/en_us\/wp-json\/wp\/v2\/product_cat?post=17050"},{"taxonomy":"product_tag","embeddable":true,"href":"https:\/\/tutfix.ro\/en_us\/wp-json\/wp\/v2\/product_tag?post=17050"},{"taxonomy":"languages","embeddable":true,"href":"https:\/\/tutfix.ro\/en_us\/wp-json\/wp\/v2\/languages?post=17050"},{"taxonomy":"duration","embeddable":true,"href":"https:\/\/tutfix.ro\/en_us\/wp-json\/wp\/v2\/duration?post=17050"},{"taxonomy":"expertise_level","embeddable":true,"href":"https:\/\/tutfix.ro\/en_us\/wp-json\/wp\/v2\/expertise_level?post=17050"},{"taxonomy":"skills","embeddable":true,"href":"https:\/\/tutfix.ro\/en_us\/wp-json\/wp\/v2\/skills?post=17050"},{"taxonomy":"delivery_time","embeddable":true,"href":"https:\/\/tutfix.ro\/en_us\/wp-json\/wp\/v2\/delivery_time?post=17050"}],"curies":[{"name":"wp","href":"https:\/\/api.w.org\/{rel}","templated":true}]}}